{"id":2,"date":"2013-08-26T07:46:02","date_gmt":"2013-08-26T05:46:02","guid":{"rendered":"http:\/\/localhost\/casaselita\/?page_id=2"},"modified":"2015-05-30T13:18:10","modified_gmt":"2015-05-30T11:18:10","slug":"pagina-di-esempio","status":"publish","type":"page","link":"https:\/\/www.casaselita.com\/de\/","title":{"rendered":"Bed and Breakfast"},"content":{"rendered":"<p><img decoding=\"async\" src=\"http:\/\/www.casaselita.com\/wp-content\/uploads\/2013\/12\/CS1.jpg\" alt=\"\" \/><img decoding=\"async\" src=\"http:\/\/www.casaselita.com\/wp-content\/uploads\/2013\/12\/CS2.jpg\" alt=\"\" \/><img decoding=\"async\" src=\"http:\/\/www.casaselita.com\/wp-content\/uploads\/2013\/12\/CS3.jpg\" alt=\"\" \/><a href=\"http:\/\/www.casaselita.com\/wp-content\/uploads\/2013\/08\/casaselita_1.jpg\"><img loading=\"lazy\" decoding=\"async\" width=\"900\" height=\"616\" class=\"aligncenter size-full wp-image-512\" src=\"http:\/\/www.casaselita.com\/wp-content\/uploads\/2013\/08\/casaselita_1.jpg\" alt=\"casaselita_1\" srcset=\"https:\/\/www.casaselita.com\/wp-content\/uploads\/2013\/08\/casaselita_1.jpg 900w, https:\/\/www.casaselita.com\/wp-content\/uploads\/2013\/08\/casaselita_1-300x205.jpg 300w\" sizes=\"auto, (max-width: 900px) 100vw, 900px\" \/><\/a><img decoding=\"async\" src=\"http:\/\/www.casaselita.com\/wp-content\/uploads\/2013\/12\/CS4.jpg\" alt=\"\" \/><img decoding=\"async\" src=\"http:\/\/www.casaselita.com\/wp-content\/uploads\/2013\/12\/CS5.jpg\" alt=\"\" \/><img decoding=\"async\" src=\"http:\/\/www.casaselita.com\/wp-content\/uploads\/2013\/12\/CS6.jpg\" alt=\"\" \/><img decoding=\"async\" src=\"http:\/\/www.casaselita.com\/wp-content\/uploads\/2013\/12\/CS9.jpg\" alt=\"\" \/> <span style=\"font-size: 16px; color: #333333;\"><span style=\"font-family: helvetica;\">&#8222;Reisen ist immer eine meiner gr\u00f6\u00dften Leidenschaften gewesen. Jetzt bin ich sesshaft geworden und statt in der Welt herumzubummeln, hole ich mir die Welt in mein B&#038;B! Ich m\u00f6chte meinen G\u00e4sten bei der Entdeckung der wunderbaren Sch\u00e4tze dieses Fleckchen Erde helfen. Ich w\u00fcrde mich also sehr freuen, wenn f\u00fcr Sie CasaSelita mehr als nur eine Unterkunft w\u00e4re.&#8220;<\/span> <\/span><\/p>","protected":false},"excerpt":{"rendered":"<p>&#8222;Reisen ist immer eine meiner gr\u00f6\u00dften Leidenschaften gewesen. Jetzt bin ich sesshaft geworden und statt in der Welt herumzubummeln, hole ich mir die Welt in mein B&#038;B! Ich m\u00f6chte meinen G\u00e4sten bei der Entdeckung der wunderbaren Sch\u00e4tze dieses Fleckchen Erde helfen. Ich w\u00fcrde mich also sehr freuen, wenn f\u00fcr Sie CasaSelita mehr als nur eine [&hellip;]<\/p>\n","protected":false},"author":1,"featured_media":0,"parent":0,"menu_order":0,"comment_status":"closed","ping_status":"closed","template":"alt-homepage.php","meta":{"footnotes":""},"class_list":["post-2","page","type-page","status-publish","hentry"],"yoast_head":"<!-- This site is optimized with the Yoast SEO plugin v19.7.1 - https:\/\/yoast.com\/wordpress\/plugins\/seo\/ -->\n<title>Bed and Breakfast - B&amp;B CasaSelita Orvieto (TR) Umbria<\/title>\n<meta name=\"robots\" content=\"index, follow, max-snippet:-1, max-image-preview:large, max-video-preview:-1\" \/>\n<link rel=\"canonical\" href=\"https:\/\/www.casaselita.com\/\" \/>\n<meta property=\"og:locale\" content=\"de_DE\" \/>\n<meta property=\"og:type\" content=\"article\" \/>\n<meta property=\"og:title\" content=\"Bed and Breakfast - B&amp;B CasaSelita Orvieto (TR) Umbria\" \/>\n<meta property=\"og:description\" content=\"&#8222;Reisen ist immer eine meiner gr\u00f6\u00dften Leidenschaften gewesen. Jetzt bin ich sesshaft geworden und statt in der Welt herumzubummeln, hole ich mir die Welt in mein B&#038;B! Ich m\u00f6chte meinen G\u00e4sten bei der Entdeckung der wunderbaren Sch\u00e4tze dieses Fleckchen Erde helfen. Ich w\u00fcrde mich also sehr freuen, wenn f\u00fcr Sie CasaSelita mehr als nur eine [&hellip;]\" \/>\n<meta property=\"og:url\" content=\"https:\/\/www.casaselita.com\/\" \/>\n<meta property=\"og:site_name\" content=\"B&amp;B CasaSelita Orvieto (TR) Umbria\" \/>\n<meta property=\"article:modified_time\" content=\"2015-05-30T11:18:10+00:00\" \/>\n<meta property=\"og:image\" content=\"http:\/\/www.casaselita.com\/wp-content\/uploads\/2013\/12\/CS1.jpg\" \/>\n<meta name=\"twitter:label1\" content=\"Gesch\u00e4tzte Lesezeit\" \/>\n\t<meta name=\"twitter:data1\" content=\"2\u00a0Minuten\" \/>\n<script type=\"application\/ld+json\" class=\"yoast-schema-graph\">{\"@context\":\"https:\/\/schema.org\",\"@graph\":[{\"@type\":\"WebPage\",\"@id\":\"https:\/\/www.casaselita.com\/\",\"url\":\"https:\/\/www.casaselita.com\/\",\"name\":\"Bed and Breakfast - B&B CasaSelita Orvieto (TR) Umbria\",\"isPartOf\":{\"@id\":\"https:\/\/www.casaselita.com\/#website\"},\"datePublished\":\"2013-08-26T05:46:02+00:00\",\"dateModified\":\"2015-05-30T11:18:10+00:00\",\"breadcrumb\":{\"@id\":\"https:\/\/www.casaselita.com\/#breadcrumb\"},\"inLanguage\":\"de\",\"potentialAction\":[{\"@type\":\"ReadAction\",\"target\":[\"https:\/\/www.casaselita.com\/\"]}]},{\"@type\":\"BreadcrumbList\",\"@id\":\"https:\/\/www.casaselita.com\/#breadcrumb\",\"itemListElement\":[{\"@type\":\"ListItem\",\"position\":1,\"name\":\"Home\",\"item\":\"https:\/\/www.casaselita.com\/\"},{\"@type\":\"ListItem\",\"position\":2,\"name\":\"Bed and Breakfast\"}]},{\"@type\":\"WebSite\",\"@id\":\"https:\/\/www.casaselita.com\/#website\",\"url\":\"https:\/\/www.casaselita.com\/\",\"name\":\"B&amp;B CasaSelita Orvieto (TR) Umbria\",\"description\":\"Vacanze in campagna nel centro storico di Orvieto (TR)\",\"potentialAction\":[{\"@type\":\"SearchAction\",\"target\":{\"@type\":\"EntryPoint\",\"urlTemplate\":\"https:\/\/www.casaselita.com\/?s={search_term_string}\"},\"query-input\":\"required name=search_term_string\"}],\"inLanguage\":\"de\"}]}<\/script>\n<!-- \/ Yoast SEO plugin. -->","yoast_head_json":{"title":"Bed and Breakfast - B&B CasaSelita Orvieto (TR) Umbria","robots":{"index":"index","follow":"follow","max-snippet":"max-snippet:-1","max-image-preview":"max-image-preview:large","max-video-preview":"max-video-preview:-1"},"canonical":"https:\/\/www.casaselita.com\/","og_locale":"de_DE","og_type":"article","og_title":"Bed and Breakfast - B&B CasaSelita Orvieto (TR) Umbria","og_description":"&#8222;Reisen ist immer eine meiner gr\u00f6\u00dften Leidenschaften gewesen. Jetzt bin ich sesshaft geworden und statt in der Welt herumzubummeln, hole ich mir die Welt in mein B&#038;B! Ich m\u00f6chte meinen G\u00e4sten bei der Entdeckung der wunderbaren Sch\u00e4tze dieses Fleckchen Erde helfen. Ich w\u00fcrde mich also sehr freuen, wenn f\u00fcr Sie CasaSelita mehr als nur eine [&hellip;]","og_url":"https:\/\/www.casaselita.com\/","og_site_name":"B&amp;B CasaSelita Orvieto (TR) Umbria","article_modified_time":"2015-05-30T11:18:10+00:00","og_image":[{"url":"http:\/\/www.casaselita.com\/wp-content\/uploads\/2013\/12\/CS1.jpg"}],"twitter_misc":{"Gesch\u00e4tzte Lesezeit":"2\u00a0Minuten"},"schema":{"@context":"https:\/\/schema.org","@graph":[{"@type":"WebPage","@id":"https:\/\/www.casaselita.com\/","url":"https:\/\/www.casaselita.com\/","name":"Bed and Breakfast - B&B CasaSelita Orvieto (TR) Umbria","isPartOf":{"@id":"https:\/\/www.casaselita.com\/#website"},"datePublished":"2013-08-26T05:46:02+00:00","dateModified":"2015-05-30T11:18:10+00:00","breadcrumb":{"@id":"https:\/\/www.casaselita.com\/#breadcrumb"},"inLanguage":"de","potentialAction":[{"@type":"ReadAction","target":["https:\/\/www.casaselita.com\/"]}]},{"@type":"BreadcrumbList","@id":"https:\/\/www.casaselita.com\/#breadcrumb","itemListElement":[{"@type":"ListItem","position":1,"name":"Home","item":"https:\/\/www.casaselita.com\/"},{"@type":"ListItem","position":2,"name":"Bed and Breakfast"}]},{"@type":"WebSite","@id":"https:\/\/www.casaselita.com\/#website","url":"https:\/\/www.casaselita.com\/","name":"B&amp;B CasaSelita Orvieto (TR) Umbria","description":"Vacanze in campagna nel centro storico di Orvieto (TR)","potentialAction":[{"@type":"SearchAction","target":{"@type":"EntryPoint","urlTemplate":"https:\/\/www.casaselita.com\/?s={search_term_string}"},"query-input":"required name=search_term_string"}],"inLanguage":"de"}]}},"_links":{"self":[{"href":"https:\/\/www.casaselita.com\/de\/wp-json\/wp\/v2\/pages\/2","targetHints":{"allow":["GET"]}}],"collection":[{"href":"https:\/\/www.casaselita.com\/de\/wp-json\/wp\/v2\/pages"}],"about":[{"href":"https:\/\/www.casaselita.com\/de\/wp-json\/wp\/v2\/types\/page"}],"author":[{"embeddable":true,"href":"https:\/\/www.casaselita.com\/de\/wp-json\/wp\/v2\/users\/1"}],"replies":[{"embeddable":true,"href":"https:\/\/www.casaselita.com\/de\/wp-json\/wp\/v2\/comments?post=2"}],"version-history":[{"count":39,"href":"https:\/\/www.casaselita.com\/de\/wp-json\/wp\/v2\/pages\/2\/revisions"}],"predecessor-version":[{"id":876,"href":"https:\/\/www.casaselita.com\/de\/wp-json\/wp\/v2\/pages\/2\/revisions\/876"}],"wp:attachment":[{"href":"https:\/\/www.casaselita.com\/de\/wp-json\/wp\/v2\/media?parent=2"}],"curies":[{"name":"wp","href":"https:\/\/api.w.org\/{rel}","templated":true}]}}