{"id":38,"date":"2013-08-26T11:52:48","date_gmt":"2013-08-26T09:52:48","guid":{"rendered":"http:\/\/localhost\/casaselita\/?page_id=38"},"modified":"2021-06-03T19:49:00","modified_gmt":"2021-06-03T17:49:00","slug":"la-torretta","status":"publish","type":"page","link":"https:\/\/www.casaselita.com\/de\/camere\/la-torretta\/","title":{"rendered":"T\u00fcrmchen"},"content":{"rendered":"<p>Das ist das kleinste und intimste Zimmer mit der sch\u00f6nsten und gr\u00f6\u00dften Terrasse (mit Liegest\u00fchlen), umgeben von Rosmarinstr\u00e4uchern und Olivenb\u00e4umen. Franz\u00f6sisches D-Bett, A.C., TV, Bad mit Dusche und F\u00f6n, eigener Zugang.<br \/>\n<div class=\"pfwrpr\"><div id=\"alignstyle\" class=\"easymedia_center\"><div id=\"col-1\" class=\"thecol\">     <div style=\"width:160px; height:160px;\" class=\"view da-thumbs\"><div class=\"iehand\"><img loading=\"lazy\" decoding=\"async\" width=\"160\" height=\"160\" src=\"http:\/\/www.casaselita.com\/wp-content\/uploads\/2014\/04\/torretta01-160x160.jpg\" alt=\"Torretta1\" \/><a class=\"715\" rel=\"easymedia\" href=\"https:\/\/www.casaselita.com\/wp-content\/uploads\/2014\/04\/torretta01.jpg\"><article class=\"da-animate da-slideFromRight\"><p  class=\"emgfittext\">Torretta1<\/p><div class=\"forspan\"><span class=\"zoom\"><\/span><\/div><\/article><\/a><\/div><\/div>\r\n            \r\n     <div style=\"width:160px; height:160px;\" class=\"view da-thumbs\"><div class=\"iehand\"><img loading=\"lazy\" decoding=\"async\" width=\"160\" height=\"160\" src=\"http:\/\/www.casaselita.com\/wp-content\/uploads\/2014\/04\/torretta04-160x160.jpg\" alt=\"Torretta4\" \/><a class=\"720\" rel=\"easymedia\" href=\"https:\/\/www.casaselita.com\/wp-content\/uploads\/2014\/04\/torretta04.jpg\"><article class=\"da-animate da-slideFromRight\"><p  class=\"emgfittext\">Torretta4<\/p><div class=\"forspan\"><span class=\"zoom\"><\/span><\/div><\/article><\/a><\/div><\/div>\r\n            \r\n<\/div><div id=\"col-2\" class=\"thecol\">     <div style=\"width:160px; height:160px;\" class=\"view da-thumbs\"><div class=\"iehand\"><img loading=\"lazy\" decoding=\"async\" width=\"160\" height=\"160\" src=\"http:\/\/www.casaselita.com\/wp-content\/uploads\/2014\/04\/torretta02-160x160.jpg\" alt=\"Torretta2\" \/><a class=\"718\" rel=\"easymedia\" href=\"https:\/\/www.casaselita.com\/wp-content\/uploads\/2014\/04\/torretta02.jpg\"><article class=\"da-animate da-slideFromRight\"><p  class=\"emgfittext\">Torretta2<\/p><div class=\"forspan\"><span class=\"zoom\"><\/span><\/div><\/article><\/a><\/div><\/div>\r\n            \r\n     <div style=\"width:160px; height:160px;\" class=\"view da-thumbs\"><div class=\"iehand\"><img loading=\"lazy\" decoding=\"async\" width=\"160\" height=\"160\" src=\"http:\/\/www.casaselita.com\/wp-content\/uploads\/2014\/04\/torretta05-160x160.jpg\" alt=\"Torretta5\" \/><a class=\"722\" rel=\"easymedia\" href=\"https:\/\/www.casaselita.com\/wp-content\/uploads\/2014\/04\/torretta05.jpg\"><article class=\"da-animate da-slideFromRight\"><p  class=\"emgfittext\">Torretta5<\/p><div class=\"forspan\"><span class=\"zoom\"><\/span><\/div><\/article><\/a><\/div><\/div>\r\n            \r\n<\/div><div id=\"col-3\" class=\"thecol\">     <div style=\"width:160px; height:160px;\" class=\"view da-thumbs\"><div class=\"iehand\"><img loading=\"lazy\" decoding=\"async\" width=\"160\" height=\"160\" src=\"http:\/\/www.casaselita.com\/wp-content\/uploads\/2014\/04\/torretta03-160x160.jpg\" alt=\"Torretta3\" \/><a class=\"719\" rel=\"easymedia\" href=\"https:\/\/www.casaselita.com\/wp-content\/uploads\/2014\/04\/torretta03.jpg\"><article class=\"da-animate da-slideFromRight\"><p  class=\"emgfittext\">Torretta3<\/p><div class=\"forspan\"><span class=\"zoom\"><\/span><\/div><\/article><\/a><\/div><\/div>\r\n            \r\n     <div style=\"width:160px; height:160px;\" class=\"view da-thumbs\"><div class=\"iehand\"><img loading=\"lazy\" decoding=\"async\" width=\"160\" height=\"160\" src=\"http:\/\/www.casaselita.com\/wp-content\/uploads\/2014\/04\/torretta06-160x160.jpg\" alt=\"Torretta6\" \/><a class=\"723\" rel=\"easymedia\" href=\"https:\/\/www.casaselita.com\/wp-content\/uploads\/2014\/04\/torretta06.jpg\"><article class=\"da-animate da-slideFromRight\"><p  class=\"emgfittext\">Torretta6<\/p><div class=\"forspan\"><span class=\"zoom\"><\/span><\/div><\/article><\/a><\/div><\/div>\r\n            \r\n<\/div><div style=\"clear:both;\"><\/div><\/div><\/div><style>\/*Dynamic CSS - By GhozyLab*\/.view {margin-bottom:12px; margin-right:6px; margin-left:6px;}.da-thumbs article.da-animate p{color:#C7C7C7 !important;}span.link_post, span.zoom, span.zooma {background-color:#474747;}.da-thumbs article.da-animate {cursor: pointer;}.view,.view img,.da-thumbs,.da-thumbs article.da-animate {border-radius:3px;}.view {border: 5px solid rgba(255,255,255,1);}.view {-webkit-box-shadow: 1px 1px 3px #4A4A4A; -moz-box-shadow: 1px 1px 3px #4A4A4A; box-shadow: 1px 1px 3px #4A4A4A;}#mbOverlay {background: url(https:\/\/www.casaselita.com\/wp-content\/plugins\/easy-media-gallery\/css\/images\/patterns\/no_pattern); background-repeat: repeat;}.da-thumbs article.da-animate p { background: rgba(0,0,0,0.5) !important;}.da-thumbs article{position: absolute; background: rgba(0,0,0,0.4); background-repeat:repeat; width: 100%; height: 100%;}span.zoom{background-image:url(https:\/\/www.casaselita.com\/wp-content\/plugins\/easy-media-gallery\/css\/images\/magnify\/Icon-0.png); background-repeat:no-repeat; background-position:center;}<\/style><\/p>","protected":false},"excerpt":{"rendered":"<p>Das ist das kleinste und intimste Zimmer mit der sch\u00f6nsten und gr\u00f6\u00dften Terrasse (mit Liegest\u00fchlen), umgeben von Rosmarinstr\u00e4uchern und Olivenb\u00e4umen. Franz\u00f6sisches D-Bett, A.C., TV, Bad mit Dusche und F\u00f6n, eigener Zugang.<\/p>\n","protected":false},"author":1,"featured_media":0,"parent":6,"menu_order":0,"comment_status":"closed","ping_status":"closed","template":"full-width-page.php","meta":{"footnotes":""},"class_list":["post-38","page","type-page","status-publish","hentry"],"yoast_head":"<!-- This site is optimized with the Yoast SEO plugin v19.7.1 - https:\/\/yoast.com\/wordpress\/plugins\/seo\/ -->\n<title>T\u00fcrmchen - B&amp;B CasaSelita Orvieto (TR) Umbria<\/title>\n<meta name=\"robots\" content=\"index, follow, max-snippet:-1, max-image-preview:large, max-video-preview:-1\" \/>\n<link rel=\"canonical\" href=\"https:\/\/www.casaselita.com\/camere\/la-torretta\/\" \/>\n<meta property=\"og:locale\" content=\"de_DE\" \/>\n<meta property=\"og:type\" content=\"article\" \/>\n<meta property=\"og:title\" content=\"T\u00fcrmchen - B&amp;B CasaSelita Orvieto (TR) Umbria\" \/>\n<meta property=\"og:description\" content=\"Das ist das kleinste und intimste Zimmer mit der sch\u00f6nsten und gr\u00f6\u00dften Terrasse (mit Liegest\u00fchlen), umgeben von Rosmarinstr\u00e4uchern und Olivenb\u00e4umen. Franz\u00f6sisches D-Bett, A.C., TV, Bad mit Dusche und F\u00f6n, eigener Zugang.\" \/>\n<meta property=\"og:url\" content=\"https:\/\/www.casaselita.com\/camere\/la-torretta\/\" \/>\n<meta property=\"og:site_name\" content=\"B&amp;B CasaSelita Orvieto (TR) Umbria\" \/>\n<meta property=\"article:modified_time\" content=\"2021-06-03T17:49:00+00:00\" \/>\n<meta property=\"og:image\" content=\"http:\/\/www.casaselita.com\/wp-content\/uploads\/2014\/03\/terrazzo-torretta-3.jpg\" \/>\n<meta name=\"twitter:label1\" content=\"Gesch\u00e4tzte Lesezeit\" \/>\n\t<meta name=\"twitter:data1\" content=\"1\u00a0Minute\" \/>\n<script type=\"application\/ld+json\" class=\"yoast-schema-graph\">{\"@context\":\"https:\/\/schema.org\",\"@graph\":[{\"@type\":\"WebPage\",\"@id\":\"https:\/\/www.casaselita.com\/camere\/la-torretta\/\",\"url\":\"https:\/\/www.casaselita.com\/camere\/la-torretta\/\",\"name\":\"T\u00fcrmchen - B&B CasaSelita Orvieto (TR) Umbria\",\"isPartOf\":{\"@id\":\"https:\/\/www.casaselita.com\/#website\"},\"datePublished\":\"2013-08-26T09:52:48+00:00\",\"dateModified\":\"2021-06-03T17:49:00+00:00\",\"breadcrumb\":{\"@id\":\"https:\/\/www.casaselita.com\/camere\/la-torretta\/#breadcrumb\"},\"inLanguage\":\"de\",\"potentialAction\":[{\"@type\":\"ReadAction\",\"target\":[\"https:\/\/www.casaselita.com\/camere\/la-torretta\/\"]}]},{\"@type\":\"BreadcrumbList\",\"@id\":\"https:\/\/www.casaselita.com\/camere\/la-torretta\/#breadcrumb\",\"itemListElement\":[{\"@type\":\"ListItem\",\"position\":1,\"name\":\"Home\",\"item\":\"https:\/\/www.casaselita.com\/\"},{\"@type\":\"ListItem\",\"position\":2,\"name\":\"Camere\",\"item\":\"https:\/\/www.casaselita.com\/camere\/\"},{\"@type\":\"ListItem\",\"position\":3,\"name\":\"La Torretta\"}]},{\"@type\":\"WebSite\",\"@id\":\"https:\/\/www.casaselita.com\/#website\",\"url\":\"https:\/\/www.casaselita.com\/\",\"name\":\"B&amp;B CasaSelita Orvieto (TR) Umbria\",\"description\":\"Vacanze in campagna nel centro storico di Orvieto (TR)\",\"potentialAction\":[{\"@type\":\"SearchAction\",\"target\":{\"@type\":\"EntryPoint\",\"urlTemplate\":\"https:\/\/www.casaselita.com\/?s={search_term_string}\"},\"query-input\":\"required name=search_term_string\"}],\"inLanguage\":\"de\"}]}<\/script>\n<!-- \/ Yoast SEO plugin. -->","yoast_head_json":{"title":"T\u00fcrmchen - B&B CasaSelita Orvieto (TR) Umbria","robots":{"index":"index","follow":"follow","max-snippet":"max-snippet:-1","max-image-preview":"max-image-preview:large","max-video-preview":"max-video-preview:-1"},"canonical":"https:\/\/www.casaselita.com\/camere\/la-torretta\/","og_locale":"de_DE","og_type":"article","og_title":"T\u00fcrmchen - B&B CasaSelita Orvieto (TR) Umbria","og_description":"Das ist das kleinste und intimste Zimmer mit der sch\u00f6nsten und gr\u00f6\u00dften Terrasse (mit Liegest\u00fchlen), umgeben von Rosmarinstr\u00e4uchern und Olivenb\u00e4umen. Franz\u00f6sisches D-Bett, A.C., TV, Bad mit Dusche und F\u00f6n, eigener Zugang.","og_url":"https:\/\/www.casaselita.com\/camere\/la-torretta\/","og_site_name":"B&amp;B CasaSelita Orvieto (TR) Umbria","article_modified_time":"2021-06-03T17:49:00+00:00","og_image":[{"url":"http:\/\/www.casaselita.com\/wp-content\/uploads\/2014\/03\/terrazzo-torretta-3.jpg"}],"twitter_misc":{"Gesch\u00e4tzte Lesezeit":"1\u00a0Minute"},"schema":{"@context":"https:\/\/schema.org","@graph":[{"@type":"WebPage","@id":"https:\/\/www.casaselita.com\/camere\/la-torretta\/","url":"https:\/\/www.casaselita.com\/camere\/la-torretta\/","name":"T\u00fcrmchen - B&B CasaSelita Orvieto (TR) Umbria","isPartOf":{"@id":"https:\/\/www.casaselita.com\/#website"},"datePublished":"2013-08-26T09:52:48+00:00","dateModified":"2021-06-03T17:49:00+00:00","breadcrumb":{"@id":"https:\/\/www.casaselita.com\/camere\/la-torretta\/#breadcrumb"},"inLanguage":"de","potentialAction":[{"@type":"ReadAction","target":["https:\/\/www.casaselita.com\/camere\/la-torretta\/"]}]},{"@type":"BreadcrumbList","@id":"https:\/\/www.casaselita.com\/camere\/la-torretta\/#breadcrumb","itemListElement":[{"@type":"ListItem","position":1,"name":"Home","item":"https:\/\/www.casaselita.com\/"},{"@type":"ListItem","position":2,"name":"Camere","item":"https:\/\/www.casaselita.com\/camere\/"},{"@type":"ListItem","position":3,"name":"La Torretta"}]},{"@type":"WebSite","@id":"https:\/\/www.casaselita.com\/#website","url":"https:\/\/www.casaselita.com\/","name":"B&amp;B CasaSelita Orvieto (TR) Umbria","description":"Vacanze in campagna nel centro storico di Orvieto (TR)","potentialAction":[{"@type":"SearchAction","target":{"@type":"EntryPoint","urlTemplate":"https:\/\/www.casaselita.com\/?s={search_term_string}"},"query-input":"required name=search_term_string"}],"inLanguage":"de"}]}},"_links":{"self":[{"href":"https:\/\/www.casaselita.com\/de\/wp-json\/wp\/v2\/pages\/38","targetHints":{"allow":["GET"]}}],"collection":[{"href":"https:\/\/www.casaselita.com\/de\/wp-json\/wp\/v2\/pages"}],"about":[{"href":"https:\/\/www.casaselita.com\/de\/wp-json\/wp\/v2\/types\/page"}],"author":[{"embeddable":true,"href":"https:\/\/www.casaselita.com\/de\/wp-json\/wp\/v2\/users\/1"}],"replies":[{"embeddable":true,"href":"https:\/\/www.casaselita.com\/de\/wp-json\/wp\/v2\/comments?post=38"}],"version-history":[{"count":15,"href":"https:\/\/www.casaselita.com\/de\/wp-json\/wp\/v2\/pages\/38\/revisions"}],"predecessor-version":[{"id":888,"href":"https:\/\/www.casaselita.com\/de\/wp-json\/wp\/v2\/pages\/38\/revisions\/888"}],"up":[{"embeddable":true,"href":"https:\/\/www.casaselita.com\/de\/wp-json\/wp\/v2\/pages\/6"}],"wp:attachment":[{"href":"https:\/\/www.casaselita.com\/de\/wp-json\/wp\/v2\/media?parent=38"}],"curies":[{"name":"wp","href":"https:\/\/api.w.org\/{rel}","templated":true}]}}