{"id":8,"date":"2013-08-26T10:09:47","date_gmt":"2013-08-26T08:09:47","guid":{"rendered":"http:\/\/localhost\/casaselita\/?page_id=8"},"modified":"2015-06-17T09:00:20","modified_gmt":"2015-06-17T07:00:20","slug":"accoglienza","status":"publish","type":"page","link":"https:\/\/www.casaselita.com\/de\/servizi\/accoglienza\/","title":{"rendered":"Empfang"},"content":{"rendered":"<p><strong><a href=\"http:\/\/www.casaselita.com\/wp-content\/uploads\/2013\/08\/Statue.jpg\"><img loading=\"lazy\" decoding=\"async\" class=\" wp-image-329 alignleft\" alt=\"Statue\" src=\"http:\/\/www.casaselita.com\/wp-content\/uploads\/2013\/08\/Statue.jpg\" width=\"150\" height=\"236\" \/><\/a>Um Ihre Aufenthalt angenehm zu gestalten, stellen wir zur Verf\u00fcgung:<\/strong><\/p>\n<ul>\n<li>Reiseb\u00fccher auf Englisch und Italienisch;<\/li>\n<li>Stadtpl\u00e4ne von Orvieto und der Umgebung;<\/li>\n<li>Eine Liste der besten und typischen Restaurants<\/li>\n<li>Programme f\u00fcr arch\u00e4ologische Touren und Ausfl\u00fcge in die Naturn (Wanderungen, Fahrradtouren, Segeln)<\/li>\n<\/ul>\n<p><strong>Wir sprechen: Italienisch, English, Deutsch, Franz\u00f6sisch, Spanisch.<\/strong><\/p>","protected":false},"excerpt":{"rendered":"<p>Um Ihre Aufenthalt angenehm zu gestalten, stellen wir zur Verf\u00fcgung: Reiseb\u00fccher auf Englisch und Italienisch; Stadtpl\u00e4ne von Orvieto und der Umgebung; Eine Liste der besten und typischen Restaurants Programme f\u00fcr arch\u00e4ologische Touren und Ausfl\u00fcge in die Naturn (Wanderungen, Fahrradtouren, Segeln) Wir sprechen: Italienisch, English, Deutsch, Franz\u00f6sisch, Spanisch.<\/p>\n","protected":false},"author":1,"featured_media":0,"parent":448,"menu_order":0,"comment_status":"closed","ping_status":"closed","template":"full-width-page.php","meta":{"footnotes":""},"class_list":["post-8","page","type-page","status-publish","hentry"],"yoast_head":"<!-- This site is optimized with the Yoast SEO plugin v19.7.1 - https:\/\/yoast.com\/wordpress\/plugins\/seo\/ -->\n<title>Empfang - B&amp;B CasaSelita Orvieto (TR) Umbria<\/title>\n<meta name=\"robots\" content=\"index, follow, max-snippet:-1, max-image-preview:large, max-video-preview:-1\" \/>\n<link rel=\"canonical\" href=\"https:\/\/www.casaselita.com\/en\/servizi\/accoglienza\/\" \/>\n<meta property=\"og:locale\" content=\"de_DE\" \/>\n<meta property=\"og:type\" content=\"article\" \/>\n<meta property=\"og:title\" content=\"Empfang - B&amp;B CasaSelita Orvieto (TR) Umbria\" \/>\n<meta property=\"og:description\" content=\"Um Ihre Aufenthalt angenehm zu gestalten, stellen wir zur Verf\u00fcgung: Reiseb\u00fccher auf Englisch und Italienisch; Stadtpl\u00e4ne von Orvieto und der Umgebung; Eine Liste der besten und typischen Restaurants Programme f\u00fcr arch\u00e4ologische Touren und Ausfl\u00fcge in die Naturn (Wanderungen, Fahrradtouren, Segeln) Wir sprechen: Italienisch, English, Deutsch, Franz\u00f6sisch, Spanisch.\" \/>\n<meta property=\"og:url\" content=\"https:\/\/www.casaselita.com\/en\/servizi\/accoglienza\/\" \/>\n<meta property=\"og:site_name\" content=\"B&amp;B CasaSelita Orvieto (TR) Umbria\" \/>\n<meta property=\"article:modified_time\" content=\"2015-06-17T07:00:20+00:00\" \/>\n<meta property=\"og:image\" content=\"http:\/\/www.casaselita.com\/wp-content\/uploads\/2013\/08\/Statue.jpg\" \/>\n<meta name=\"twitter:label1\" content=\"Gesch\u00e4tzte Lesezeit\" \/>\n\t<meta name=\"twitter:data1\" content=\"1\u00a0Minute\" \/>\n<script type=\"application\/ld+json\" class=\"yoast-schema-graph\">{\"@context\":\"https:\/\/schema.org\",\"@graph\":[{\"@type\":\"WebPage\",\"@id\":\"https:\/\/www.casaselita.com\/en\/servizi\/accoglienza\/\",\"url\":\"https:\/\/www.casaselita.com\/en\/servizi\/accoglienza\/\",\"name\":\"Empfang - B&B CasaSelita Orvieto (TR) Umbria\",\"isPartOf\":{\"@id\":\"https:\/\/www.casaselita.com\/#website\"},\"datePublished\":\"2013-08-26T08:09:47+00:00\",\"dateModified\":\"2015-06-17T07:00:20+00:00\",\"breadcrumb\":{\"@id\":\"https:\/\/www.casaselita.com\/en\/servizi\/accoglienza\/#breadcrumb\"},\"inLanguage\":\"de\",\"potentialAction\":[{\"@type\":\"ReadAction\",\"target\":[\"https:\/\/www.casaselita.com\/en\/servizi\/accoglienza\/\"]}]},{\"@type\":\"BreadcrumbList\",\"@id\":\"https:\/\/www.casaselita.com\/en\/servizi\/accoglienza\/#breadcrumb\",\"itemListElement\":[{\"@type\":\"ListItem\",\"position\":1,\"name\":\"Home\",\"item\":\"https:\/\/www.casaselita.com\/\"},{\"@type\":\"ListItem\",\"position\":2,\"name\":\"Services\",\"item\":\"https:\/\/www.casaselita.com\/en\/servizi\/\"},{\"@type\":\"ListItem\",\"position\":3,\"name\":\"Welcome\"}]},{\"@type\":\"WebSite\",\"@id\":\"https:\/\/www.casaselita.com\/#website\",\"url\":\"https:\/\/www.casaselita.com\/\",\"name\":\"B&amp;B CasaSelita Orvieto (TR) Umbria\",\"description\":\"Vacanze in campagna nel centro storico di Orvieto (TR)\",\"potentialAction\":[{\"@type\":\"SearchAction\",\"target\":{\"@type\":\"EntryPoint\",\"urlTemplate\":\"https:\/\/www.casaselita.com\/?s={search_term_string}\"},\"query-input\":\"required name=search_term_string\"}],\"inLanguage\":\"de\"}]}<\/script>\n<!-- \/ Yoast SEO plugin. -->","yoast_head_json":{"title":"Empfang - B&B CasaSelita Orvieto (TR) Umbria","robots":{"index":"index","follow":"follow","max-snippet":"max-snippet:-1","max-image-preview":"max-image-preview:large","max-video-preview":"max-video-preview:-1"},"canonical":"https:\/\/www.casaselita.com\/en\/servizi\/accoglienza\/","og_locale":"de_DE","og_type":"article","og_title":"Empfang - B&B CasaSelita Orvieto (TR) Umbria","og_description":"Um Ihre Aufenthalt angenehm zu gestalten, stellen wir zur Verf\u00fcgung: Reiseb\u00fccher auf Englisch und Italienisch; Stadtpl\u00e4ne von Orvieto und der Umgebung; Eine Liste der besten und typischen Restaurants Programme f\u00fcr arch\u00e4ologische Touren und Ausfl\u00fcge in die Naturn (Wanderungen, Fahrradtouren, Segeln) Wir sprechen: Italienisch, English, Deutsch, Franz\u00f6sisch, Spanisch.","og_url":"https:\/\/www.casaselita.com\/en\/servizi\/accoglienza\/","og_site_name":"B&amp;B CasaSelita Orvieto (TR) Umbria","article_modified_time":"2015-06-17T07:00:20+00:00","og_image":[{"url":"http:\/\/www.casaselita.com\/wp-content\/uploads\/2013\/08\/Statue.jpg"}],"twitter_misc":{"Gesch\u00e4tzte Lesezeit":"1\u00a0Minute"},"schema":{"@context":"https:\/\/schema.org","@graph":[{"@type":"WebPage","@id":"https:\/\/www.casaselita.com\/en\/servizi\/accoglienza\/","url":"https:\/\/www.casaselita.com\/en\/servizi\/accoglienza\/","name":"Empfang - B&B CasaSelita Orvieto (TR) Umbria","isPartOf":{"@id":"https:\/\/www.casaselita.com\/#website"},"datePublished":"2013-08-26T08:09:47+00:00","dateModified":"2015-06-17T07:00:20+00:00","breadcrumb":{"@id":"https:\/\/www.casaselita.com\/en\/servizi\/accoglienza\/#breadcrumb"},"inLanguage":"de","potentialAction":[{"@type":"ReadAction","target":["https:\/\/www.casaselita.com\/en\/servizi\/accoglienza\/"]}]},{"@type":"BreadcrumbList","@id":"https:\/\/www.casaselita.com\/en\/servizi\/accoglienza\/#breadcrumb","itemListElement":[{"@type":"ListItem","position":1,"name":"Home","item":"https:\/\/www.casaselita.com\/"},{"@type":"ListItem","position":2,"name":"Services","item":"https:\/\/www.casaselita.com\/en\/servizi\/"},{"@type":"ListItem","position":3,"name":"Welcome"}]},{"@type":"WebSite","@id":"https:\/\/www.casaselita.com\/#website","url":"https:\/\/www.casaselita.com\/","name":"B&amp;B CasaSelita Orvieto (TR) Umbria","description":"Vacanze in campagna nel centro storico di Orvieto (TR)","potentialAction":[{"@type":"SearchAction","target":{"@type":"EntryPoint","urlTemplate":"https:\/\/www.casaselita.com\/?s={search_term_string}"},"query-input":"required name=search_term_string"}],"inLanguage":"de"}]}},"_links":{"self":[{"href":"https:\/\/www.casaselita.com\/de\/wp-json\/wp\/v2\/pages\/8","targetHints":{"allow":["GET"]}}],"collection":[{"href":"https:\/\/www.casaselita.com\/de\/wp-json\/wp\/v2\/pages"}],"about":[{"href":"https:\/\/www.casaselita.com\/de\/wp-json\/wp\/v2\/types\/page"}],"author":[{"embeddable":true,"href":"https:\/\/www.casaselita.com\/de\/wp-json\/wp\/v2\/users\/1"}],"replies":[{"embeddable":true,"href":"https:\/\/www.casaselita.com\/de\/wp-json\/wp\/v2\/comments?post=8"}],"version-history":[{"count":17,"href":"https:\/\/www.casaselita.com\/de\/wp-json\/wp\/v2\/pages\/8\/revisions"}],"predecessor-version":[{"id":892,"href":"https:\/\/www.casaselita.com\/de\/wp-json\/wp\/v2\/pages\/8\/revisions\/892"}],"up":[{"embeddable":true,"href":"https:\/\/www.casaselita.com\/de\/wp-json\/wp\/v2\/pages\/448"}],"wp:attachment":[{"href":"https:\/\/www.casaselita.com\/de\/wp-json\/wp\/v2\/media?parent=8"}],"curies":[{"name":"wp","href":"https:\/\/api.w.org\/{rel}","templated":true}]}}