{"id":10,"date":"2013-08-26T10:10:00","date_gmt":"2013-08-26T08:10:00","guid":{"rendered":"http:\/\/localhost\/casaselita\/?page_id=10"},"modified":"2023-12-19T08:22:27","modified_gmt":"2023-12-19T07:22:27","slug":"tariffe","status":"publish","type":"page","link":"https:\/\/www.casaselita.com\/fr\/tariffe\/","title":{"rendered":"Prix"},"content":{"rendered":"<p><a href=\"http:\/\/www.casaselita.com\/wp-content\/uploads\/2013\/08\/gatto.jpg\"><img loading=\"lazy\" decoding=\"async\" class=\"wp-image-323 alignnone\" src=\"http:\/\/www.casaselita.com\/wp-content\/uploads\/2013\/08\/gatto.jpg\" alt=\"gatto\" width=\"120\" height=\"83\" \/><\/a><\/p>\n<table border=\"0\">\n<tbody>\n<tr>\n<td colspan=\"2\"><strong>Pour une nuit:<\/strong><\/td>\n<\/tr>\n<tr>\n<td>\n<p style=\"padding-left: 30px;\">Chambre simple (1 personne)<\/p>\n<\/td>\n<td>min. 50 Euros &#8211; max. 60 Euros<\/td>\n<\/tr>\n<tr>\n<td>\n<p style=\"padding-left: 30px;\">Chambre double utilis\u00e9e par 1 personne<\/p>\n<\/td>\n<td>min. 55 Euros &#8211; max. 70 Euros<\/td>\n<\/tr>\n<tr>\n<td>\n<p style=\"padding-left: 30px;\">Chambre double (2 personnes)<\/p>\n<\/td>\n<td>min. 75 Euros &#8211; max. 90 Euros<\/td>\n<\/tr>\n<tr>\n<td>\n<p style=\"padding-left: 30px;\">Chambre triple (3 personnes)<\/p>\n<\/td>\n<td>min. 85 Euros &#8211; max. 100 Euros<\/td>\n<\/tr>\n<tr>\n<td colspan=\"2\"><strong>Pour plus d&rsquo;une nuit:<\/strong><\/td>\n<\/tr>\n<tr>\n<td>\n<p style=\"padding-left: 30px;\">Chambre simple (1 personne)<\/p>\n<\/td>\n<td>min. 45 Euros &#8211; max. 60 Euros<\/td>\n<\/tr>\n<tr>\n<td>\n<p style=\"padding-left: 30px;\">Chambre double utilis\u00e9e par 1 personne<\/p>\n<\/td>\n<td>min. 45 Euros &#8211; max. 65 Euros<\/td>\n<\/tr>\n<tr>\n<td>\n<p style=\"padding-left: 30px;\">Chambre double (2 personnes)<\/p>\n<\/td>\n<td>min. 70 Euros &#8211; max. 90 Euros<\/td>\n<\/tr>\n<tr>\n<td>\n<p style=\"padding-left: 30px;\">Chambre triple (3 personnes)<\/p>\n<\/td>\n<td>min. 85 Euros &#8211; max. 100 Euros<\/td>\n<\/tr>\n<\/tbody>\n<\/table>\n<p><strong>Les prix comprennent:<\/strong><\/p>\n<ul>\n<li>Petit-d\u00e9jeuner;<\/li>\n<li>Salle de bains attenante \u00e0 la chambre;<\/li>\n<li>Nettoyage quotidien et renouvellement de la literie et des serviettes tous les 3 jours;<\/li>\n<li>TV dans la chambre;<\/li>\n<li>Wi-Fi dans la chambre;<\/li>\n<li>S\u00e8che-cheveux;<\/li>\n<li>Ventilateur;<\/li>\n<li>R\u00e9servation taxi, restaurant et caves du vin, si d\u00e9sir\u00e9.<\/li>\n<\/ul>\n<p><strong>Les prix ne comprennent pas:<\/strong><\/p>\n<ul>\n<li>Blanchisserie des effets personnels;<\/li>\n<li>Air climatis\u00e9 (disponible dans chaque chambre)<\/li>\n<\/ul>\n<p><\/p>","protected":false},"excerpt":{"rendered":"<p>Pour une nuit: Chambre simple (1 personne) min. 50 Euros &#8211; max. 60 Euros Chambre double utilis\u00e9e par 1 personne min. 55 Euros &#8211; max. 70 Euros Chambre double (2 personnes) min. 75 Euros &#8211; max. 90 Euros Chambre triple (3 personnes) min. 85 Euros &#8211; max. 100 Euros Pour plus d&rsquo;une nuit: Chambre simple [&hellip;]<\/p>\n","protected":false},"author":1,"featured_media":0,"parent":0,"menu_order":0,"comment_status":"closed","ping_status":"closed","template":"full-width-page.php","meta":{"footnotes":""},"class_list":["post-10","page","type-page","status-publish","hentry"],"yoast_head":"<!-- This site is optimized with the Yoast SEO plugin v19.7.1 - https:\/\/yoast.com\/wordpress\/plugins\/seo\/ -->\n<title>Prix - B&amp;B CasaSelita Orvieto (TR) Umbria<\/title>\n<meta name=\"robots\" content=\"index, follow, max-snippet:-1, max-image-preview:large, max-video-preview:-1\" \/>\n<link rel=\"canonical\" href=\"https:\/\/www.casaselita.com\/tariffe\/\" \/>\n<meta property=\"og:locale\" content=\"fr_FR\" \/>\n<meta property=\"og:type\" content=\"article\" \/>\n<meta property=\"og:title\" content=\"Prix - B&amp;B CasaSelita Orvieto (TR) Umbria\" \/>\n<meta property=\"og:description\" content=\"Pour une nuit: Chambre simple (1 personne) min. 50 Euros &#8211; max. 60 Euros Chambre double utilis\u00e9e par 1 personne min. 55 Euros &#8211; max. 70 Euros Chambre double (2 personnes) min. 75 Euros &#8211; max. 90 Euros Chambre triple (3 personnes) min. 85 Euros &#8211; max. 100 Euros Pour plus d&rsquo;une nuit: Chambre simple [&hellip;]\" \/>\n<meta property=\"og:url\" content=\"https:\/\/www.casaselita.com\/tariffe\/\" \/>\n<meta property=\"og:site_name\" content=\"B&amp;B CasaSelita Orvieto (TR) Umbria\" \/>\n<meta property=\"article:modified_time\" content=\"2023-12-19T07:22:27+00:00\" \/>\n<meta property=\"og:image\" content=\"http:\/\/www.casaselita.com\/wp-content\/uploads\/2013\/08\/gatto.jpg\" \/>\n<meta name=\"twitter:label1\" content=\"Dur\u00e9e de lecture estim\u00e9e\" \/>\n\t<meta name=\"twitter:data1\" content=\"3 minutes\" \/>\n<script type=\"application\/ld+json\" class=\"yoast-schema-graph\">{\"@context\":\"https:\/\/schema.org\",\"@graph\":[{\"@type\":\"WebPage\",\"@id\":\"https:\/\/www.casaselita.com\/tariffe\/\",\"url\":\"https:\/\/www.casaselita.com\/tariffe\/\",\"name\":\"Prix - B&B CasaSelita Orvieto (TR) Umbria\",\"isPartOf\":{\"@id\":\"https:\/\/www.casaselita.com\/#website\"},\"datePublished\":\"2013-08-26T08:10:00+00:00\",\"dateModified\":\"2023-12-19T07:22:27+00:00\",\"breadcrumb\":{\"@id\":\"https:\/\/www.casaselita.com\/tariffe\/#breadcrumb\"},\"inLanguage\":\"fr-FR\",\"potentialAction\":[{\"@type\":\"ReadAction\",\"target\":[\"https:\/\/www.casaselita.com\/tariffe\/\"]}]},{\"@type\":\"BreadcrumbList\",\"@id\":\"https:\/\/www.casaselita.com\/tariffe\/#breadcrumb\",\"itemListElement\":[{\"@type\":\"ListItem\",\"position\":1,\"name\":\"Home\",\"item\":\"https:\/\/www.casaselita.com\/\"},{\"@type\":\"ListItem\",\"position\":2,\"name\":\"Tariffe\"}]},{\"@type\":\"WebSite\",\"@id\":\"https:\/\/www.casaselita.com\/#website\",\"url\":\"https:\/\/www.casaselita.com\/\",\"name\":\"B&amp;B CasaSelita Orvieto (TR) Umbria\",\"description\":\"Vacanze in campagna nel centro storico di Orvieto (TR)\",\"potentialAction\":[{\"@type\":\"SearchAction\",\"target\":{\"@type\":\"EntryPoint\",\"urlTemplate\":\"https:\/\/www.casaselita.com\/?s={search_term_string}\"},\"query-input\":\"required name=search_term_string\"}],\"inLanguage\":\"fr-FR\"}]}<\/script>\n<!-- \/ Yoast SEO plugin. -->","yoast_head_json":{"title":"Prix - B&B CasaSelita Orvieto (TR) Umbria","robots":{"index":"index","follow":"follow","max-snippet":"max-snippet:-1","max-image-preview":"max-image-preview:large","max-video-preview":"max-video-preview:-1"},"canonical":"https:\/\/www.casaselita.com\/tariffe\/","og_locale":"fr_FR","og_type":"article","og_title":"Prix - B&B CasaSelita Orvieto (TR) Umbria","og_description":"Pour une nuit: Chambre simple (1 personne) min. 50 Euros &#8211; max. 60 Euros Chambre double utilis\u00e9e par 1 personne min. 55 Euros &#8211; max. 70 Euros Chambre double (2 personnes) min. 75 Euros &#8211; max. 90 Euros Chambre triple (3 personnes) min. 85 Euros &#8211; max. 100 Euros Pour plus d&rsquo;une nuit: Chambre simple [&hellip;]","og_url":"https:\/\/www.casaselita.com\/tariffe\/","og_site_name":"B&amp;B CasaSelita Orvieto (TR) Umbria","article_modified_time":"2023-12-19T07:22:27+00:00","og_image":[{"url":"http:\/\/www.casaselita.com\/wp-content\/uploads\/2013\/08\/gatto.jpg"}],"twitter_misc":{"Dur\u00e9e de lecture estim\u00e9e":"3 minutes"},"schema":{"@context":"https:\/\/schema.org","@graph":[{"@type":"WebPage","@id":"https:\/\/www.casaselita.com\/tariffe\/","url":"https:\/\/www.casaselita.com\/tariffe\/","name":"Prix - B&B CasaSelita Orvieto (TR) Umbria","isPartOf":{"@id":"https:\/\/www.casaselita.com\/#website"},"datePublished":"2013-08-26T08:10:00+00:00","dateModified":"2023-12-19T07:22:27+00:00","breadcrumb":{"@id":"https:\/\/www.casaselita.com\/tariffe\/#breadcrumb"},"inLanguage":"fr-FR","potentialAction":[{"@type":"ReadAction","target":["https:\/\/www.casaselita.com\/tariffe\/"]}]},{"@type":"BreadcrumbList","@id":"https:\/\/www.casaselita.com\/tariffe\/#breadcrumb","itemListElement":[{"@type":"ListItem","position":1,"name":"Home","item":"https:\/\/www.casaselita.com\/"},{"@type":"ListItem","position":2,"name":"Tariffe"}]},{"@type":"WebSite","@id":"https:\/\/www.casaselita.com\/#website","url":"https:\/\/www.casaselita.com\/","name":"B&amp;B CasaSelita Orvieto (TR) Umbria","description":"Vacanze in campagna nel centro storico di Orvieto (TR)","potentialAction":[{"@type":"SearchAction","target":{"@type":"EntryPoint","urlTemplate":"https:\/\/www.casaselita.com\/?s={search_term_string}"},"query-input":"required name=search_term_string"}],"inLanguage":"fr-FR"}]}},"_links":{"self":[{"href":"https:\/\/www.casaselita.com\/fr\/wp-json\/wp\/v2\/pages\/10","targetHints":{"allow":["GET"]}}],"collection":[{"href":"https:\/\/www.casaselita.com\/fr\/wp-json\/wp\/v2\/pages"}],"about":[{"href":"https:\/\/www.casaselita.com\/fr\/wp-json\/wp\/v2\/types\/page"}],"author":[{"embeddable":true,"href":"https:\/\/www.casaselita.com\/fr\/wp-json\/wp\/v2\/users\/1"}],"replies":[{"embeddable":true,"href":"https:\/\/www.casaselita.com\/fr\/wp-json\/wp\/v2\/comments?post=10"}],"version-history":[{"count":39,"href":"https:\/\/www.casaselita.com\/fr\/wp-json\/wp\/v2\/pages\/10\/revisions"}],"predecessor-version":[{"id":1036,"href":"https:\/\/www.casaselita.com\/fr\/wp-json\/wp\/v2\/pages\/10\/revisions\/1036"}],"wp:attachment":[{"href":"https:\/\/www.casaselita.com\/fr\/wp-json\/wp\/v2\/media?parent=10"}],"curies":[{"name":"wp","href":"https:\/\/api.w.org\/{rel}","templated":true}]}}