{"id":12,"date":"2013-08-26T10:10:14","date_gmt":"2013-08-26T08:10:14","guid":{"rendered":"http:\/\/localhost\/casaselita\/?page_id=12"},"modified":"2020-02-25T18:45:51","modified_gmt":"2020-02-25T17:45:51","slug":"dove-siamo","status":"publish","type":"page","link":"https:\/\/www.casaselita.com\/fr\/dove-siamo\/","title":{"rendered":"Ou nous trouver"},"content":{"rendered":"<p><iframe loading=\"lazy\" style=\"border: 0;\" src=\"https:\/\/www.google.com\/maps\/embed?pb=!1m18!1m12!1m3!1d5862.842579109757!2d12.102151015466129!3d42.71597307915181!2m3!1f0!2f0!3f0!3m2!1i1024!2i768!4f13.1!3m3!1m2!1s0x13292c2257653ef9%3A0xc2bde14794d7ae7a!2sB%26B+CasaSelita!5e0!3m2!1sde!2sde!4v1543840272201\" width=\"425\" height=\"350\" frameborder=\"0\" allowfullscreen=\"allowfullscreen\"><\/iframe> <small><a style=\"color: #0000ff; text-align: left;\" href=\"https:\/\/maps.google.it\/maps?q=casa+selita+orvieto&amp;ie=UTF8&amp;hl=it&amp;hq=casa+selita&amp;hnear=Orvieto,+Terni,+Umbria&amp;t=m&amp;cid=14032619711512424058&amp;ll=42.725767,12.107105&amp;spn=0.022068,0.036564&amp;z=14&amp;iwloc=A&amp;source=embed\">Visualizzazione ingrandita della mappa<\/a><\/small><br \/>\n<strong>CasaS\u00e8lita<\/strong> se trouve au pied des remparts, juste en dessous du parking \u2018ex Campo della Fiera\u2019 qui permet d\u2019acc\u00e9der au quartier m\u00e9di\u00e9val d\u2019Orvieto par un ascenseur et un escalier mobile.<\/p>\n<p><strong>Par voiture:<\/strong> Autoroute A1 \u2013 sortie Orvieto. Au premier carrefour \u00ab\u00a0Porta di Orvieto\u00a0\u00bb continuer tout droit; au deuxi\u00e8me grand carrefour (Orvieto Scalo) aller en direction Montefiascone \u2013 Viterbo et parcourir 3,5 km jusqu&rsquo;\u00e0 un autre carrefour (il est au sud-ouest en bas de la ville). Tourner \u00e0 droite et monter vers la ville (vous etes sur via della Segheria). Apr\u00e8s 100 m\u00e8tres, la rue change de nom en \u00ab\u00a0Strada di Porta Romana\u00a0\u00bb. CasaSelita est l\u00e0, au numero 8, \u00e0 votre gauche, au km. 27,300.<\/p>\n<p><strong>Par train:<\/strong> La ligne de chemin de fer est celle de Rome &#8211; Florence. Descendre \u00e0 la gare d&rsquo;Orvieto et utiliser le bus no 5 ou le bus \u00ab\u00a0circolare B\u00a0\u00bb (L&rsquo;arret du bus est juste en face de la sortie de la gare) direction centre-ville (Piazza della Repubblica). Demander au chauffeur d&rsquo;arreter chez \u00ab\u00a0CasaSelita\u00a0\u00bb qui est avant le parking \u00ab\u00a0Ex Campo della Fiera\u00a0\u00bb. Attention: \u00e0 la gare il ne faut pas monter \u00e0 Orvieto en utilisant la \u00ab\u00a0Funicolare\u00a0\u00bb (l&rsquo;arriv\u00e9e se ferait alors \u00e0 un endroit diam\u00e9tralement oppos\u00e9 \u00e0 celui o\u00f9 se trouve le B&amp;B).<\/p>\n<p><strong>Par avion: <\/strong><br \/>\n1) a\u00e9roport international Leonardo da Vinci \u2013 Rome Fiumicino. Utiliser le train de la gare de l&rsquo;a\u00e9roport jusqu&rsquo;\u00e0 Roma Termini et, de l\u00e0, le train (ligne Rome \u2013 Florence) jusqu&rsquo;\u00e0 Orvieto.<br \/>\n2) a\u00e9roport international G.B. Pastine &#8211; Rome Ciampino. Utiliser un bus de l&rsquo;a\u00e9roport \u00e0 la gare Roma Termini (depuis comme dessus).<\/p>\n<p><strong>CasaS\u00e8lita<\/strong> Strada di Porta Romana 8 05018 Orvieto (TR) Km. 27,300 della S.S. Umbro Casentinese. Tel.+39 339 2254000 e-mail: <a href=\"mailto:info@casaselita.com\">info@casaselita.com<\/a> <strong>GPS:<\/strong> N42 42.957 E12 06.275<\/p>","protected":false},"excerpt":{"rendered":"<p>Visualizzazione ingrandita della mappa CasaS\u00e8lita se trouve au pied des remparts, juste en dessous du parking \u2018ex Campo della Fiera\u2019 qui permet d\u2019acc\u00e9der au quartier m\u00e9di\u00e9val d\u2019Orvieto par un ascenseur et un escalier mobile. Par voiture: Autoroute A1 \u2013 sortie Orvieto. Au premier carrefour \u00ab\u00a0Porta di Orvieto\u00a0\u00bb continuer tout droit; au deuxi\u00e8me grand carrefour (Orvieto [&hellip;]<\/p>\n","protected":false},"author":1,"featured_media":0,"parent":0,"menu_order":0,"comment_status":"closed","ping_status":"closed","template":"full-width-page.php","meta":{"footnotes":""},"class_list":["post-12","page","type-page","status-publish","hentry"],"yoast_head":"<!-- This site is optimized with the Yoast SEO plugin v19.7.1 - https:\/\/yoast.com\/wordpress\/plugins\/seo\/ -->\n<title>Ou nous trouver - B&amp;B CasaSelita Orvieto (TR) Umbria<\/title>\n<meta name=\"robots\" content=\"index, follow, max-snippet:-1, max-image-preview:large, max-video-preview:-1\" \/>\n<link rel=\"canonical\" href=\"https:\/\/www.casaselita.com\/dove-siamo\/\" \/>\n<meta property=\"og:locale\" content=\"fr_FR\" \/>\n<meta property=\"og:type\" content=\"article\" \/>\n<meta property=\"og:title\" content=\"Ou nous trouver - B&amp;B CasaSelita Orvieto (TR) Umbria\" \/>\n<meta property=\"og:description\" content=\"Visualizzazione ingrandita della mappa CasaS\u00e8lita se trouve au pied des remparts, juste en dessous du parking \u2018ex Campo della Fiera\u2019 qui permet d\u2019acc\u00e9der au quartier m\u00e9di\u00e9val d\u2019Orvieto par un ascenseur et un escalier mobile. Par voiture: Autoroute A1 \u2013 sortie Orvieto. Au premier carrefour \u00ab\u00a0Porta di Orvieto\u00a0\u00bb continuer tout droit; au deuxi\u00e8me grand carrefour (Orvieto [&hellip;]\" \/>\n<meta property=\"og:url\" content=\"https:\/\/www.casaselita.com\/dove-siamo\/\" \/>\n<meta property=\"og:site_name\" content=\"B&amp;B CasaSelita Orvieto (TR) Umbria\" \/>\n<meta property=\"article:modified_time\" content=\"2020-02-25T17:45:51+00:00\" \/>\n<meta name=\"twitter:label1\" content=\"Dur\u00e9e de lecture estim\u00e9e\" \/>\n\t<meta name=\"twitter:data1\" content=\"5 minutes\" \/>\n<script type=\"application\/ld+json\" class=\"yoast-schema-graph\">{\"@context\":\"https:\/\/schema.org\",\"@graph\":[{\"@type\":\"WebPage\",\"@id\":\"https:\/\/www.casaselita.com\/dove-siamo\/\",\"url\":\"https:\/\/www.casaselita.com\/dove-siamo\/\",\"name\":\"Ou nous trouver - B&B CasaSelita Orvieto (TR) Umbria\",\"isPartOf\":{\"@id\":\"https:\/\/www.casaselita.com\/#website\"},\"datePublished\":\"2013-08-26T08:10:14+00:00\",\"dateModified\":\"2020-02-25T17:45:51+00:00\",\"breadcrumb\":{\"@id\":\"https:\/\/www.casaselita.com\/dove-siamo\/#breadcrumb\"},\"inLanguage\":\"fr-FR\",\"potentialAction\":[{\"@type\":\"ReadAction\",\"target\":[\"https:\/\/www.casaselita.com\/dove-siamo\/\"]}]},{\"@type\":\"BreadcrumbList\",\"@id\":\"https:\/\/www.casaselita.com\/dove-siamo\/#breadcrumb\",\"itemListElement\":[{\"@type\":\"ListItem\",\"position\":1,\"name\":\"Home\",\"item\":\"https:\/\/www.casaselita.com\/\"},{\"@type\":\"ListItem\",\"position\":2,\"name\":\"Dove siamo\"}]},{\"@type\":\"WebSite\",\"@id\":\"https:\/\/www.casaselita.com\/#website\",\"url\":\"https:\/\/www.casaselita.com\/\",\"name\":\"B&amp;B CasaSelita Orvieto (TR) Umbria\",\"description\":\"Vacanze in campagna nel centro storico di Orvieto (TR)\",\"potentialAction\":[{\"@type\":\"SearchAction\",\"target\":{\"@type\":\"EntryPoint\",\"urlTemplate\":\"https:\/\/www.casaselita.com\/?s={search_term_string}\"},\"query-input\":\"required name=search_term_string\"}],\"inLanguage\":\"fr-FR\"}]}<\/script>\n<!-- \/ Yoast SEO plugin. -->","yoast_head_json":{"title":"Ou nous trouver - B&B CasaSelita Orvieto (TR) Umbria","robots":{"index":"index","follow":"follow","max-snippet":"max-snippet:-1","max-image-preview":"max-image-preview:large","max-video-preview":"max-video-preview:-1"},"canonical":"https:\/\/www.casaselita.com\/dove-siamo\/","og_locale":"fr_FR","og_type":"article","og_title":"Ou nous trouver - B&B CasaSelita Orvieto (TR) Umbria","og_description":"Visualizzazione ingrandita della mappa CasaS\u00e8lita se trouve au pied des remparts, juste en dessous du parking \u2018ex Campo della Fiera\u2019 qui permet d\u2019acc\u00e9der au quartier m\u00e9di\u00e9val d\u2019Orvieto par un ascenseur et un escalier mobile. Par voiture: Autoroute A1 \u2013 sortie Orvieto. Au premier carrefour \u00ab\u00a0Porta di Orvieto\u00a0\u00bb continuer tout droit; au deuxi\u00e8me grand carrefour (Orvieto [&hellip;]","og_url":"https:\/\/www.casaselita.com\/dove-siamo\/","og_site_name":"B&amp;B CasaSelita Orvieto (TR) Umbria","article_modified_time":"2020-02-25T17:45:51+00:00","twitter_misc":{"Dur\u00e9e de lecture estim\u00e9e":"5 minutes"},"schema":{"@context":"https:\/\/schema.org","@graph":[{"@type":"WebPage","@id":"https:\/\/www.casaselita.com\/dove-siamo\/","url":"https:\/\/www.casaselita.com\/dove-siamo\/","name":"Ou nous trouver - B&B CasaSelita Orvieto (TR) Umbria","isPartOf":{"@id":"https:\/\/www.casaselita.com\/#website"},"datePublished":"2013-08-26T08:10:14+00:00","dateModified":"2020-02-25T17:45:51+00:00","breadcrumb":{"@id":"https:\/\/www.casaselita.com\/dove-siamo\/#breadcrumb"},"inLanguage":"fr-FR","potentialAction":[{"@type":"ReadAction","target":["https:\/\/www.casaselita.com\/dove-siamo\/"]}]},{"@type":"BreadcrumbList","@id":"https:\/\/www.casaselita.com\/dove-siamo\/#breadcrumb","itemListElement":[{"@type":"ListItem","position":1,"name":"Home","item":"https:\/\/www.casaselita.com\/"},{"@type":"ListItem","position":2,"name":"Dove siamo"}]},{"@type":"WebSite","@id":"https:\/\/www.casaselita.com\/#website","url":"https:\/\/www.casaselita.com\/","name":"B&amp;B CasaSelita Orvieto (TR) Umbria","description":"Vacanze in campagna nel centro storico di Orvieto (TR)","potentialAction":[{"@type":"SearchAction","target":{"@type":"EntryPoint","urlTemplate":"https:\/\/www.casaselita.com\/?s={search_term_string}"},"query-input":"required name=search_term_string"}],"inLanguage":"fr-FR"}]}},"_links":{"self":[{"href":"https:\/\/www.casaselita.com\/fr\/wp-json\/wp\/v2\/pages\/12","targetHints":{"allow":["GET"]}}],"collection":[{"href":"https:\/\/www.casaselita.com\/fr\/wp-json\/wp\/v2\/pages"}],"about":[{"href":"https:\/\/www.casaselita.com\/fr\/wp-json\/wp\/v2\/types\/page"}],"author":[{"embeddable":true,"href":"https:\/\/www.casaselita.com\/fr\/wp-json\/wp\/v2\/users\/1"}],"replies":[{"embeddable":true,"href":"https:\/\/www.casaselita.com\/fr\/wp-json\/wp\/v2\/comments?post=12"}],"version-history":[{"count":24,"href":"https:\/\/www.casaselita.com\/fr\/wp-json\/wp\/v2\/pages\/12\/revisions"}],"predecessor-version":[{"id":987,"href":"https:\/\/www.casaselita.com\/fr\/wp-json\/wp\/v2\/pages\/12\/revisions\/987"}],"wp:attachment":[{"href":"https:\/\/www.casaselita.com\/fr\/wp-json\/wp\/v2\/media?parent=12"}],"curies":[{"name":"wp","href":"https:\/\/api.w.org\/{rel}","templated":true}]}}