{"id":149,"date":"2013-08-29T13:56:08","date_gmt":"2013-08-29T11:56:08","guid":{"rendered":"http:\/\/localhost\/casaselita\/?page_id=149"},"modified":"2015-11-25T12:30:50","modified_gmt":"2015-11-25T11:30:50","slug":"visite-guidate","status":"publish","type":"page","link":"https:\/\/www.casaselita.com\/fr\/servizi\/visite-guidate\/","title":{"rendered":"Visites guid\u00e9es"},"content":{"rendered":"<p><\/p>\n<p><a href=\"http:\/\/www.casaselita.com\/wp-content\/uploads\/2013\/08\/duomo-orvieto.jpg\"><img loading=\"lazy\" decoding=\"async\" class=\" wp-image-506 alignleft\" alt=\"duomo-orvieto\" src=\"http:\/\/www.casaselita.com\/wp-content\/uploads\/2013\/08\/duomo-orvieto-200x300.jpg\" width=\"160\" height=\"240\" srcset=\"https:\/\/www.casaselita.com\/wp-content\/uploads\/2013\/08\/duomo-orvieto-200x300.jpg 200w, https:\/\/www.casaselita.com\/wp-content\/uploads\/2013\/08\/duomo-orvieto.jpg 369w\" sizes=\"auto, (max-width: 160px) 100vw, 160px\" \/><\/a><\/p>\n<p style=\"text-align: justify;\">Si nos hotes n&rsquo;ont pas une voiture \u00e0 leur disposition, nous pouvons organiser des visites guid\u00e9es aux lieux d&rsquo;int\u00e9ret tout autour d&rsquo;Orvieto (Civita di Bagnoregio, Lac de Bolsena, Assisi, Todi, Pitigliano, etc.). La plupart de ces lieux sont \u00e0 moins d&rsquo;une heure de notre B&#038;B. <\/p>\n<\/p>\n<p><\/p>","protected":false},"excerpt":{"rendered":"<p>Si nos hotes n&rsquo;ont pas une voiture \u00e0 leur disposition, nous pouvons organiser des visites guid\u00e9es aux lieux d&rsquo;int\u00e9ret tout autour d&rsquo;Orvieto (Civita di Bagnoregio, Lac de Bolsena, Assisi, Todi, Pitigliano, etc.). La plupart de ces lieux sont \u00e0 moins d&rsquo;une heure de notre B&#038;B.<\/p>\n","protected":false},"author":1,"featured_media":0,"parent":448,"menu_order":0,"comment_status":"closed","ping_status":"closed","template":"full-width-page.php","meta":{"footnotes":""},"class_list":["post-149","page","type-page","status-publish","hentry"],"yoast_head":"<!-- This site is optimized with the Yoast SEO plugin v19.7.1 - https:\/\/yoast.com\/wordpress\/plugins\/seo\/ -->\n<title>Visites guid\u00e9es - B&amp;B CasaSelita Orvieto (TR) Umbria<\/title>\n<meta name=\"robots\" content=\"index, follow, max-snippet:-1, max-image-preview:large, max-video-preview:-1\" \/>\n<link rel=\"canonical\" href=\"https:\/\/www.casaselita.com\/en\/servizi\/visite-guidate\/\" \/>\n<meta property=\"og:locale\" content=\"fr_FR\" \/>\n<meta property=\"og:type\" content=\"article\" \/>\n<meta property=\"og:title\" content=\"Visites guid\u00e9es - B&amp;B CasaSelita Orvieto (TR) Umbria\" \/>\n<meta property=\"og:description\" content=\"Si nos hotes n&rsquo;ont pas une voiture \u00e0 leur disposition, nous pouvons organiser des visites guid\u00e9es aux lieux d&rsquo;int\u00e9ret tout autour d&rsquo;Orvieto (Civita di Bagnoregio, Lac de Bolsena, Assisi, Todi, Pitigliano, etc.). La plupart de ces lieux sont \u00e0 moins d&rsquo;une heure de notre B&#038;B.\" \/>\n<meta property=\"og:url\" content=\"https:\/\/www.casaselita.com\/en\/servizi\/visite-guidate\/\" \/>\n<meta property=\"og:site_name\" content=\"B&amp;B CasaSelita Orvieto (TR) Umbria\" \/>\n<meta property=\"article:modified_time\" content=\"2015-11-25T11:30:50+00:00\" \/>\n<meta property=\"og:image\" content=\"http:\/\/www.casaselita.com\/wp-content\/uploads\/2013\/08\/duomo-orvieto-200x300.jpg\" \/>\n<meta name=\"twitter:label1\" content=\"Dur\u00e9e de lecture estim\u00e9e\" \/>\n\t<meta name=\"twitter:data1\" content=\"1 minute\" \/>\n<script type=\"application\/ld+json\" class=\"yoast-schema-graph\">{\"@context\":\"https:\/\/schema.org\",\"@graph\":[{\"@type\":\"WebPage\",\"@id\":\"https:\/\/www.casaselita.com\/en\/servizi\/visite-guidate\/\",\"url\":\"https:\/\/www.casaselita.com\/en\/servizi\/visite-guidate\/\",\"name\":\"Visites guid\u00e9es - B&B CasaSelita Orvieto (TR) Umbria\",\"isPartOf\":{\"@id\":\"https:\/\/www.casaselita.com\/#website\"},\"datePublished\":\"2013-08-29T11:56:08+00:00\",\"dateModified\":\"2015-11-25T11:30:50+00:00\",\"breadcrumb\":{\"@id\":\"https:\/\/www.casaselita.com\/en\/servizi\/visite-guidate\/#breadcrumb\"},\"inLanguage\":\"fr-FR\",\"potentialAction\":[{\"@type\":\"ReadAction\",\"target\":[\"https:\/\/www.casaselita.com\/en\/servizi\/visite-guidate\/\"]}]},{\"@type\":\"BreadcrumbList\",\"@id\":\"https:\/\/www.casaselita.com\/en\/servizi\/visite-guidate\/#breadcrumb\",\"itemListElement\":[{\"@type\":\"ListItem\",\"position\":1,\"name\":\"Home\",\"item\":\"https:\/\/www.casaselita.com\/\"},{\"@type\":\"ListItem\",\"position\":2,\"name\":\"Services\",\"item\":\"https:\/\/www.casaselita.com\/en\/servizi\/\"},{\"@type\":\"ListItem\",\"position\":3,\"name\":\"Day trips with car and driver\"}]},{\"@type\":\"WebSite\",\"@id\":\"https:\/\/www.casaselita.com\/#website\",\"url\":\"https:\/\/www.casaselita.com\/\",\"name\":\"B&amp;B CasaSelita Orvieto (TR) Umbria\",\"description\":\"Vacanze in campagna nel centro storico di Orvieto (TR)\",\"potentialAction\":[{\"@type\":\"SearchAction\",\"target\":{\"@type\":\"EntryPoint\",\"urlTemplate\":\"https:\/\/www.casaselita.com\/?s={search_term_string}\"},\"query-input\":\"required name=search_term_string\"}],\"inLanguage\":\"fr-FR\"}]}<\/script>\n<!-- \/ Yoast SEO plugin. -->","yoast_head_json":{"title":"Visites guid\u00e9es - B&B CasaSelita Orvieto (TR) Umbria","robots":{"index":"index","follow":"follow","max-snippet":"max-snippet:-1","max-image-preview":"max-image-preview:large","max-video-preview":"max-video-preview:-1"},"canonical":"https:\/\/www.casaselita.com\/en\/servizi\/visite-guidate\/","og_locale":"fr_FR","og_type":"article","og_title":"Visites guid\u00e9es - B&B CasaSelita Orvieto (TR) Umbria","og_description":"Si nos hotes n&rsquo;ont pas une voiture \u00e0 leur disposition, nous pouvons organiser des visites guid\u00e9es aux lieux d&rsquo;int\u00e9ret tout autour d&rsquo;Orvieto (Civita di Bagnoregio, Lac de Bolsena, Assisi, Todi, Pitigliano, etc.). La plupart de ces lieux sont \u00e0 moins d&rsquo;une heure de notre B&#038;B.","og_url":"https:\/\/www.casaselita.com\/en\/servizi\/visite-guidate\/","og_site_name":"B&amp;B CasaSelita Orvieto (TR) Umbria","article_modified_time":"2015-11-25T11:30:50+00:00","og_image":[{"url":"http:\/\/www.casaselita.com\/wp-content\/uploads\/2013\/08\/duomo-orvieto-200x300.jpg"}],"twitter_misc":{"Dur\u00e9e de lecture estim\u00e9e":"1 minute"},"schema":{"@context":"https:\/\/schema.org","@graph":[{"@type":"WebPage","@id":"https:\/\/www.casaselita.com\/en\/servizi\/visite-guidate\/","url":"https:\/\/www.casaselita.com\/en\/servizi\/visite-guidate\/","name":"Visites guid\u00e9es - B&B CasaSelita Orvieto (TR) Umbria","isPartOf":{"@id":"https:\/\/www.casaselita.com\/#website"},"datePublished":"2013-08-29T11:56:08+00:00","dateModified":"2015-11-25T11:30:50+00:00","breadcrumb":{"@id":"https:\/\/www.casaselita.com\/en\/servizi\/visite-guidate\/#breadcrumb"},"inLanguage":"fr-FR","potentialAction":[{"@type":"ReadAction","target":["https:\/\/www.casaselita.com\/en\/servizi\/visite-guidate\/"]}]},{"@type":"BreadcrumbList","@id":"https:\/\/www.casaselita.com\/en\/servizi\/visite-guidate\/#breadcrumb","itemListElement":[{"@type":"ListItem","position":1,"name":"Home","item":"https:\/\/www.casaselita.com\/"},{"@type":"ListItem","position":2,"name":"Services","item":"https:\/\/www.casaselita.com\/en\/servizi\/"},{"@type":"ListItem","position":3,"name":"Day trips with car and driver"}]},{"@type":"WebSite","@id":"https:\/\/www.casaselita.com\/#website","url":"https:\/\/www.casaselita.com\/","name":"B&amp;B CasaSelita Orvieto (TR) Umbria","description":"Vacanze in campagna nel centro storico di Orvieto (TR)","potentialAction":[{"@type":"SearchAction","target":{"@type":"EntryPoint","urlTemplate":"https:\/\/www.casaselita.com\/?s={search_term_string}"},"query-input":"required name=search_term_string"}],"inLanguage":"fr-FR"}]}},"_links":{"self":[{"href":"https:\/\/www.casaselita.com\/fr\/wp-json\/wp\/v2\/pages\/149","targetHints":{"allow":["GET"]}}],"collection":[{"href":"https:\/\/www.casaselita.com\/fr\/wp-json\/wp\/v2\/pages"}],"about":[{"href":"https:\/\/www.casaselita.com\/fr\/wp-json\/wp\/v2\/types\/page"}],"author":[{"embeddable":true,"href":"https:\/\/www.casaselita.com\/fr\/wp-json\/wp\/v2\/users\/1"}],"replies":[{"embeddable":true,"href":"https:\/\/www.casaselita.com\/fr\/wp-json\/wp\/v2\/comments?post=149"}],"version-history":[{"count":13,"href":"https:\/\/www.casaselita.com\/fr\/wp-json\/wp\/v2\/pages\/149\/revisions"}],"predecessor-version":[{"id":908,"href":"https:\/\/www.casaselita.com\/fr\/wp-json\/wp\/v2\/pages\/149\/revisions\/908"}],"up":[{"embeddable":true,"href":"https:\/\/www.casaselita.com\/fr\/wp-json\/wp\/v2\/pages\/448"}],"wp:attachment":[{"href":"https:\/\/www.casaselita.com\/fr\/wp-json\/wp\/v2\/media?parent=149"}],"curies":[{"name":"wp","href":"https:\/\/api.w.org\/{rel}","templated":true}]}}