{"id":151,"date":"2013-08-29T13:56:36","date_gmt":"2013-08-29T11:56:36","guid":{"rendered":"http:\/\/localhost\/casaselita\/?page_id=151"},"modified":"2017-02-19T19:08:16","modified_gmt":"2017-02-19T18:08:16","slug":"orvieto-e-dintorni","status":"publish","type":"page","link":"https:\/\/www.casaselita.com\/fr\/servizi\/orvieto-e-dintorni\/","title":{"rendered":"Orvieto et ses environs"},"content":{"rendered":"<p><\/p>\n<p style=\"text-align: justify;\"><span style=\"color: #003300;\">\u00ab\u00a0&#8230;.et voil\u00e0, apr\u00e8s un tournant, soudain se d\u00e9couvre et \u00e9merge comme une ile Orvieto, et entre les murs et les tours rougeoyantes on voit briller, miraculeusement intacte comme un bijou pos\u00e9 sur la colline en face, la fa\u00e7ade du Dome\u00a0\u00bb.<\/span><\/p>\n<p style=\"text-align: right;\"><span style=\"color: #003300;\">(Emilio Re, aout 1944)<\/span><\/p>\n<p style=\"text-align: justify;\">Ainsi apparaissait et apparait encore aujourd&rsquo;hui meme Orvieto au voyageur. Une ville tr\u00e8s ancienne, singuli\u00e8re et myst\u00e9rieuse. Un lieu plein de charme et d&rsquo;histoire, de tradition et de nature. Et \u00ab\u00a0CasaS\u00e8lita\u00a0\u00bbest l\u00e0, \u00e0 l&rsquo;abri de ses murs de couleur ocre, entre oliviers et cypr\u00e8s, une vieille ferme restructur\u00e9e pour loger les voyageurs d&rsquo;aujourd&rsquo;hui.<br \/>\n\u00ab\u00a0CasaSelita\u00a0\u00bb se situe au mileu d&rsquo;un vaste patrimoine arch\u00e9ologique, artistique et naturel, de meme que gastronomique et oenologique.<br \/>\nEntre autres, il faut mentionner tous ces petits bourgs m\u00e9di\u00e9vaux, ces cit\u00e9s abandonn\u00e9es comme Civita, ces n\u00e9cropoles \u00e9trusques monumentales comme Sovana ou ces piscines thermales naturelles d&rsquo;eau chaude et sulfureuse comme San Casciano ai Bagni, Bulicame, Terme dei Papi, etc&#8230;. Et que dire de ces villes d&rsquo;art comme Rome, Florence, Siena, Arezzo, Viterbo ou Perugia, le lacs de Bolsena, Corbara et Trasimeno. N&rsquo;oublions pas ces c\u00e9l\u00e8bres cit\u00e9s m\u00e9di\u00e9vales que sont Todi, Spoleto, Assisi, Pitigliano o\u00f9 on peut arriver dans une heure ou un peu plus.<br \/>\nEnfin pour satisfaire les amateurs de sport, les environs sont bien \u00e9quip\u00e9es pour pratiquer l&rsquo;\u00e9quitation, le tennis, le v\u00e9lo de montagne (mountain bike), le trekking, la voile, le canoe ou la planche \u00e0 voile.<br \/>\n\u00ab\u00a0CasaS\u00e8lita\u00a0\u00bb est donc un point de d\u00e9part id\u00e9al pour nombre de s\u00e9duisantes activit\u00e9s.<\/p>\n<p><div class=\"pfwrpr\"><div id=\"alignstyle\" class=\"easymedia_center\"><div id=\"col-1\" class=\"thecol\">     <div style=\"width:160px; height:160px;\" class=\"view da-thumbs\"><div class=\"iehand\"><img loading=\"lazy\" decoding=\"async\" width=\"160\" height=\"160\" src=\"http:\/\/www.casaselita.com\/wp-content\/uploads\/2014\/04\/Oriveto06-160x160.jpg\" alt=\"\" \/><a class=\"778\" rel=\"easymedia\" href=\"https:\/\/www.casaselita.com\/wp-content\/uploads\/2014\/04\/Oriveto06.jpg\"><article class=\"da-animate da-slideFromRight\"><p style=\"display:none !important;\" class=\"emgfittext\"><\/p><div class=\"forspan\"><span class=\"zoom\"><\/span><\/div><\/article><\/a><\/div><\/div>\r\n            \r\n     <div style=\"width:160px; height:160px;\" class=\"view da-thumbs\"><div class=\"iehand\"><img loading=\"lazy\" decoding=\"async\" width=\"160\" height=\"160\" src=\"http:\/\/www.casaselita.com\/wp-content\/uploads\/2014\/04\/Orvieto01-160x160.jpg\" alt=\"\" \/><a class=\"782\" rel=\"easymedia\" href=\"https:\/\/www.casaselita.com\/wp-content\/uploads\/2014\/04\/Orvieto01-940x1253.jpg\"><article class=\"da-animate da-slideFromRight\"><p style=\"display:none !important;\" class=\"emgfittext\"><\/p><div class=\"forspan\"><span class=\"zoom\"><\/span><\/div><\/article><\/a><\/div><\/div>\r\n            \r\n     <div style=\"width:160px; height:160px;\" class=\"view da-thumbs\"><div class=\"iehand\"><img loading=\"lazy\" decoding=\"async\" width=\"160\" height=\"160\" src=\"http:\/\/www.casaselita.com\/wp-content\/uploads\/2014\/04\/Orvieto07-160x160.jpg\" alt=\"\" \/><a class=\"787\" rel=\"easymedia\" href=\"https:\/\/www.casaselita.com\/wp-content\/uploads\/2014\/04\/Orvieto07.jpg\"><article class=\"da-animate da-slideFromRight\"><p style=\"display:none !important;\" class=\"emgfittext\"><\/p><div class=\"forspan\"><span class=\"zoom\"><\/span><\/div><\/article><\/a><\/div><\/div>\r\n            \r\n     <div style=\"width:160px; height:160px;\" class=\"view da-thumbs\"><div class=\"iehand\"><img loading=\"lazy\" decoding=\"async\" width=\"160\" height=\"160\" src=\"http:\/\/www.casaselita.com\/wp-content\/uploads\/2014\/04\/Orvieto10-160x160.jpg\" alt=\"\" \/><a class=\"790\" rel=\"easymedia\" href=\"https:\/\/www.casaselita.com\/wp-content\/uploads\/2014\/04\/Orvieto10.jpg\"><article class=\"da-animate da-slideFromRight\"><p style=\"display:none !important;\" class=\"emgfittext\"><\/p><div class=\"forspan\"><span class=\"zoom\"><\/span><\/div><\/article><\/a><\/div><\/div>\r\n            \r\n<\/div><div id=\"col-2\" class=\"thecol\">     <div style=\"width:160px; height:160px;\" class=\"view da-thumbs\"><div class=\"iehand\"><img loading=\"lazy\" decoding=\"async\" width=\"160\" height=\"160\" src=\"http:\/\/www.casaselita.com\/wp-content\/uploads\/2014\/04\/Orvieo05-160x160.jpg\" alt=\"\" \/><a class=\"779\" rel=\"easymedia\" href=\"https:\/\/www.casaselita.com\/wp-content\/uploads\/2014\/04\/Orvieo05.jpg\"><article class=\"da-animate da-slideFromRight\"><p style=\"display:none !important;\" class=\"emgfittext\"><\/p><div class=\"forspan\"><span class=\"zoom\"><\/span><\/div><\/article><\/a><\/div><\/div>\r\n            \r\n     <div style=\"width:160px; height:160px;\" class=\"view da-thumbs\"><div class=\"iehand\"><img loading=\"lazy\" decoding=\"async\" width=\"160\" height=\"160\" src=\"http:\/\/www.casaselita.com\/wp-content\/uploads\/2014\/04\/Orvieto02-160x160.jpg\" alt=\"\" \/><a class=\"783\" rel=\"easymedia\" href=\"https:\/\/www.casaselita.com\/wp-content\/uploads\/2014\/04\/Orvieto02-940x1253.jpg\"><article class=\"da-animate da-slideFromRight\"><p style=\"display:none !important;\" class=\"emgfittext\"><\/p><div class=\"forspan\"><span class=\"zoom\"><\/span><\/div><\/article><\/a><\/div><\/div>\r\n            \r\n     <div style=\"width:160px; height:160px;\" class=\"view da-thumbs\"><div class=\"iehand\"><img loading=\"lazy\" decoding=\"async\" width=\"160\" height=\"160\" src=\"http:\/\/www.casaselita.com\/wp-content\/uploads\/2014\/04\/Orvieto08-160x160.jpg\" alt=\"\" \/><a class=\"788\" rel=\"easymedia\" href=\"https:\/\/www.casaselita.com\/wp-content\/uploads\/2014\/04\/Orvieto08.jpg\"><article class=\"da-animate da-slideFromRight\"><p style=\"display:none !important;\" class=\"emgfittext\"><\/p><div class=\"forspan\"><span class=\"zoom\"><\/span><\/div><\/article><\/a><\/div><\/div>\r\n            \r\n     <div style=\"width:160px; height:160px;\" class=\"view da-thumbs\"><div class=\"iehand\"><img loading=\"lazy\" decoding=\"async\" width=\"160\" height=\"160\" src=\"http:\/\/www.casaselita.com\/wp-content\/uploads\/2014\/04\/Orvieto11-160x160.jpg\" alt=\"\" \/><a class=\"791\" rel=\"easymedia\" href=\"https:\/\/www.casaselita.com\/wp-content\/uploads\/2014\/04\/Orvieto11.jpg\"><article class=\"da-animate da-slideFromRight\"><p style=\"display:none !important;\" class=\"emgfittext\"><\/p><div class=\"forspan\"><span class=\"zoom\"><\/span><\/div><\/article><\/a><\/div><\/div>\r\n            \r\n<\/div><div id=\"col-3\" class=\"thecol\">     <div style=\"width:160px; height:160px;\" class=\"view da-thumbs\"><div class=\"iehand\"><img loading=\"lazy\" decoding=\"async\" width=\"160\" height=\"160\" src=\"http:\/\/www.casaselita.com\/wp-content\/uploads\/2014\/04\/Orvieto04-160x160.jpg\" alt=\"\" \/><a class=\"780\" rel=\"easymedia\" href=\"https:\/\/www.casaselita.com\/wp-content\/uploads\/2014\/04\/Orvieto04.jpg\"><article class=\"da-animate da-slideFromRight\"><p style=\"display:none !important;\" class=\"emgfittext\"><\/p><div class=\"forspan\"><span class=\"zoom\"><\/span><\/div><\/article><\/a><\/div><\/div>\r\n            \r\n     <div style=\"width:160px; height:160px;\" class=\"view da-thumbs\"><div class=\"iehand\"><img loading=\"lazy\" decoding=\"async\" width=\"160\" height=\"160\" src=\"http:\/\/www.casaselita.com\/wp-content\/uploads\/2014\/04\/Orvieto03-160x160.jpg\" alt=\"\" \/><a class=\"786\" rel=\"easymedia\" href=\"https:\/\/www.casaselita.com\/wp-content\/uploads\/2014\/04\/Orvieto03-940x705.jpg\"><article class=\"da-animate da-slideFromRight\"><p style=\"display:none !important;\" class=\"emgfittext\"><\/p><div class=\"forspan\"><span class=\"zoom\"><\/span><\/div><\/article><\/a><\/div><\/div>\r\n            \r\n     <div style=\"width:160px; height:160px;\" class=\"view da-thumbs\"><div class=\"iehand\"><img loading=\"lazy\" decoding=\"async\" width=\"160\" height=\"160\" src=\"http:\/\/www.casaselita.com\/wp-content\/uploads\/2014\/04\/Orvieto09-160x160.jpg\" alt=\"\" \/><a class=\"789\" rel=\"easymedia\" href=\"https:\/\/www.casaselita.com\/wp-content\/uploads\/2014\/04\/Orvieto09.jpg\"><article class=\"da-animate da-slideFromRight\"><p style=\"display:none !important;\" class=\"emgfittext\"><\/p><div class=\"forspan\"><span class=\"zoom\"><\/span><\/div><\/article><\/a><\/div><\/div>\r\n            \r\n     <div style=\"width:160px; height:160px;\" class=\"view da-thumbs\"><div class=\"iehand\"><img loading=\"lazy\" decoding=\"async\" width=\"160\" height=\"160\" src=\"http:\/\/www.casaselita.com\/wp-content\/uploads\/2014\/04\/Orvieto12-160x160.jpg\" alt=\"\" \/><a class=\"792\" rel=\"easymedia\" href=\"https:\/\/www.casaselita.com\/wp-content\/uploads\/2014\/04\/Orvieto12.jpg\"><article class=\"da-animate da-slideFromRight\"><p style=\"display:none !important;\" class=\"emgfittext\"><\/p><div class=\"forspan\"><span class=\"zoom\"><\/span><\/div><\/article><\/a><\/div><\/div>\r\n            \r\n<\/div><div style=\"clear:both;\"><\/div><\/div><\/div><style>\/*Dynamic CSS - By GhozyLab*\/.view {margin-bottom:12px; margin-right:6px; margin-left:6px;}.da-thumbs article.da-animate p{color:#C7C7C7 !important;}span.link_post, span.zoom, span.zooma {background-color:#474747;}.da-thumbs article.da-animate {cursor: pointer;}.view,.view img,.da-thumbs,.da-thumbs article.da-animate {border-radius:3px;}.view {border: 5px solid rgba(255,255,255,1);}.view {-webkit-box-shadow: 1px 1px 3px #4A4A4A; -moz-box-shadow: 1px 1px 3px #4A4A4A; box-shadow: 1px 1px 3px #4A4A4A;}#mbOverlay {background: url(https:\/\/www.casaselita.com\/wp-content\/plugins\/easy-media-gallery\/css\/images\/patterns\/no_pattern); background-repeat: repeat;}.da-thumbs article.da-animate p { background: rgba(0,0,0,0.5) !important;}.da-thumbs article{position: absolute; background: rgba(0,0,0,0.4); background-repeat:repeat; width: 100%; height: 100%;}span.zoom{background-image:url(https:\/\/www.casaselita.com\/wp-content\/plugins\/easy-media-gallery\/css\/images\/magnify\/Icon-0.png); background-repeat:no-repeat; background-position:center;}<\/style><br \/>\n<\/p>","protected":false},"excerpt":{"rendered":"<p>\u00ab\u00a0&#8230;.et voil\u00e0, apr\u00e8s un tournant, soudain se d\u00e9couvre et \u00e9merge comme une ile Orvieto, et entre les murs et les tours rougeoyantes on voit briller, miraculeusement intacte comme un bijou pos\u00e9 sur la colline en face, la fa\u00e7ade du Dome\u00a0\u00bb. (Emilio Re, aout 1944) Ainsi apparaissait et apparait encore aujourd&rsquo;hui meme Orvieto au voyageur. Une [&hellip;]<\/p>\n","protected":false},"author":1,"featured_media":0,"parent":448,"menu_order":0,"comment_status":"closed","ping_status":"closed","template":"full-width-page.php","meta":{"footnotes":""},"class_list":["post-151","page","type-page","status-publish","hentry"],"yoast_head":"<!-- This site is optimized with the Yoast SEO plugin v19.7.1 - https:\/\/yoast.com\/wordpress\/plugins\/seo\/ -->\n<title>Orvieto et ses environs - B&amp;B CasaSelita Orvieto (TR) Umbria<\/title>\n<meta name=\"robots\" content=\"index, follow, max-snippet:-1, max-image-preview:large, max-video-preview:-1\" \/>\n<link rel=\"canonical\" href=\"https:\/\/www.casaselita.com\/en\/servizi\/orvieto-e-dintorni\/\" \/>\n<meta property=\"og:locale\" content=\"fr_FR\" \/>\n<meta property=\"og:type\" content=\"article\" \/>\n<meta property=\"og:title\" content=\"Orvieto et ses environs - B&amp;B CasaSelita Orvieto (TR) Umbria\" \/>\n<meta property=\"og:description\" content=\"\u00ab\u00a0&#8230;.et voil\u00e0, apr\u00e8s un tournant, soudain se d\u00e9couvre et \u00e9merge comme une ile Orvieto, et entre les murs et les tours rougeoyantes on voit briller, miraculeusement intacte comme un bijou pos\u00e9 sur la colline en face, la fa\u00e7ade du Dome\u00a0\u00bb. (Emilio Re, aout 1944) Ainsi apparaissait et apparait encore aujourd&rsquo;hui meme Orvieto au voyageur. Une [&hellip;]\" \/>\n<meta property=\"og:url\" content=\"https:\/\/www.casaselita.com\/en\/servizi\/orvieto-e-dintorni\/\" \/>\n<meta property=\"og:site_name\" content=\"B&amp;B CasaSelita Orvieto (TR) Umbria\" \/>\n<meta property=\"article:modified_time\" content=\"2017-02-19T18:08:16+00:00\" \/>\n<meta name=\"twitter:label1\" content=\"Dur\u00e9e de lecture estim\u00e9e\" \/>\n\t<meta name=\"twitter:data1\" content=\"3 minutes\" \/>\n<script type=\"application\/ld+json\" class=\"yoast-schema-graph\">{\"@context\":\"https:\/\/schema.org\",\"@graph\":[{\"@type\":\"WebPage\",\"@id\":\"https:\/\/www.casaselita.com\/en\/servizi\/orvieto-e-dintorni\/\",\"url\":\"https:\/\/www.casaselita.com\/en\/servizi\/orvieto-e-dintorni\/\",\"name\":\"Orvieto et ses environs - B&B CasaSelita Orvieto (TR) Umbria\",\"isPartOf\":{\"@id\":\"https:\/\/www.casaselita.com\/#website\"},\"datePublished\":\"2013-08-29T11:56:36+00:00\",\"dateModified\":\"2017-02-19T18:08:16+00:00\",\"breadcrumb\":{\"@id\":\"https:\/\/www.casaselita.com\/en\/servizi\/orvieto-e-dintorni\/#breadcrumb\"},\"inLanguage\":\"fr-FR\",\"potentialAction\":[{\"@type\":\"ReadAction\",\"target\":[\"https:\/\/www.casaselita.com\/en\/servizi\/orvieto-e-dintorni\/\"]}]},{\"@type\":\"BreadcrumbList\",\"@id\":\"https:\/\/www.casaselita.com\/en\/servizi\/orvieto-e-dintorni\/#breadcrumb\",\"itemListElement\":[{\"@type\":\"ListItem\",\"position\":1,\"name\":\"Home\",\"item\":\"https:\/\/www.casaselita.com\/\"},{\"@type\":\"ListItem\",\"position\":2,\"name\":\"Services\",\"item\":\"https:\/\/www.casaselita.com\/en\/servizi\/\"},{\"@type\":\"ListItem\",\"position\":3,\"name\":\"Orvieto and the surroundings\"}]},{\"@type\":\"WebSite\",\"@id\":\"https:\/\/www.casaselita.com\/#website\",\"url\":\"https:\/\/www.casaselita.com\/\",\"name\":\"B&amp;B CasaSelita Orvieto (TR) Umbria\",\"description\":\"Vacanze in campagna nel centro storico di Orvieto (TR)\",\"potentialAction\":[{\"@type\":\"SearchAction\",\"target\":{\"@type\":\"EntryPoint\",\"urlTemplate\":\"https:\/\/www.casaselita.com\/?s={search_term_string}\"},\"query-input\":\"required name=search_term_string\"}],\"inLanguage\":\"fr-FR\"}]}<\/script>\n<!-- \/ Yoast SEO plugin. -->","yoast_head_json":{"title":"Orvieto et ses environs - B&B CasaSelita Orvieto (TR) Umbria","robots":{"index":"index","follow":"follow","max-snippet":"max-snippet:-1","max-image-preview":"max-image-preview:large","max-video-preview":"max-video-preview:-1"},"canonical":"https:\/\/www.casaselita.com\/en\/servizi\/orvieto-e-dintorni\/","og_locale":"fr_FR","og_type":"article","og_title":"Orvieto et ses environs - B&B CasaSelita Orvieto (TR) Umbria","og_description":"\u00ab\u00a0&#8230;.et voil\u00e0, apr\u00e8s un tournant, soudain se d\u00e9couvre et \u00e9merge comme une ile Orvieto, et entre les murs et les tours rougeoyantes on voit briller, miraculeusement intacte comme un bijou pos\u00e9 sur la colline en face, la fa\u00e7ade du Dome\u00a0\u00bb. (Emilio Re, aout 1944) Ainsi apparaissait et apparait encore aujourd&rsquo;hui meme Orvieto au voyageur. Une [&hellip;]","og_url":"https:\/\/www.casaselita.com\/en\/servizi\/orvieto-e-dintorni\/","og_site_name":"B&amp;B CasaSelita Orvieto (TR) Umbria","article_modified_time":"2017-02-19T18:08:16+00:00","twitter_misc":{"Dur\u00e9e de lecture estim\u00e9e":"3 minutes"},"schema":{"@context":"https:\/\/schema.org","@graph":[{"@type":"WebPage","@id":"https:\/\/www.casaselita.com\/en\/servizi\/orvieto-e-dintorni\/","url":"https:\/\/www.casaselita.com\/en\/servizi\/orvieto-e-dintorni\/","name":"Orvieto et ses environs - B&B CasaSelita Orvieto (TR) Umbria","isPartOf":{"@id":"https:\/\/www.casaselita.com\/#website"},"datePublished":"2013-08-29T11:56:36+00:00","dateModified":"2017-02-19T18:08:16+00:00","breadcrumb":{"@id":"https:\/\/www.casaselita.com\/en\/servizi\/orvieto-e-dintorni\/#breadcrumb"},"inLanguage":"fr-FR","potentialAction":[{"@type":"ReadAction","target":["https:\/\/www.casaselita.com\/en\/servizi\/orvieto-e-dintorni\/"]}]},{"@type":"BreadcrumbList","@id":"https:\/\/www.casaselita.com\/en\/servizi\/orvieto-e-dintorni\/#breadcrumb","itemListElement":[{"@type":"ListItem","position":1,"name":"Home","item":"https:\/\/www.casaselita.com\/"},{"@type":"ListItem","position":2,"name":"Services","item":"https:\/\/www.casaselita.com\/en\/servizi\/"},{"@type":"ListItem","position":3,"name":"Orvieto and the surroundings"}]},{"@type":"WebSite","@id":"https:\/\/www.casaselita.com\/#website","url":"https:\/\/www.casaselita.com\/","name":"B&amp;B CasaSelita Orvieto (TR) Umbria","description":"Vacanze in campagna nel centro storico di Orvieto (TR)","potentialAction":[{"@type":"SearchAction","target":{"@type":"EntryPoint","urlTemplate":"https:\/\/www.casaselita.com\/?s={search_term_string}"},"query-input":"required name=search_term_string"}],"inLanguage":"fr-FR"}]}},"_links":{"self":[{"href":"https:\/\/www.casaselita.com\/fr\/wp-json\/wp\/v2\/pages\/151","targetHints":{"allow":["GET"]}}],"collection":[{"href":"https:\/\/www.casaselita.com\/fr\/wp-json\/wp\/v2\/pages"}],"about":[{"href":"https:\/\/www.casaselita.com\/fr\/wp-json\/wp\/v2\/types\/page"}],"author":[{"embeddable":true,"href":"https:\/\/www.casaselita.com\/fr\/wp-json\/wp\/v2\/users\/1"}],"replies":[{"embeddable":true,"href":"https:\/\/www.casaselita.com\/fr\/wp-json\/wp\/v2\/comments?post=151"}],"version-history":[{"count":11,"href":"https:\/\/www.casaselita.com\/fr\/wp-json\/wp\/v2\/pages\/151\/revisions"}],"predecessor-version":[{"id":927,"href":"https:\/\/www.casaselita.com\/fr\/wp-json\/wp\/v2\/pages\/151\/revisions\/927"}],"up":[{"embeddable":true,"href":"https:\/\/www.casaselita.com\/fr\/wp-json\/wp\/v2\/pages\/448"}],"wp:attachment":[{"href":"https:\/\/www.casaselita.com\/fr\/wp-json\/wp\/v2\/media?parent=151"}],"curies":[{"name":"wp","href":"https:\/\/api.w.org\/{rel}","templated":true}]}}