{"id":227,"date":"2013-10-15T10:05:52","date_gmt":"2013-10-15T08:05:52","guid":{"rendered":"http:\/\/www.casaselita.com\/?page_id=227"},"modified":"2017-02-19T19:02:07","modified_gmt":"2017-02-19T18:02:07","slug":"altre-offerte","status":"publish","type":"page","link":"https:\/\/www.casaselita.com\/fr\/tariffe\/altre-offerte\/","title":{"rendered":"Renseignements suppl\u00e9mentaires"},"content":{"rendered":"<p><\/p>\n<ul>\n<li>Lors de longs sejours, les prix peuvent etre r\u00e9duits sous certaines conditions;<\/li>\n<li>Durant la p\u00e9riode du Festival hivernal de jazz de l&rsquo;Ombrie (Umbria Jazz Winter Festival) les prix de haute saison sont appliqu\u00e9s.<\/li>\n<p>\tEnfant:<\/p>\n<li>de 0 \u00e0 3 ans le sejour est gratuit s&rsquo;il dort dans le meme lit que ses parents. (5 Euros supplementaires pour le petit-d\u00e9jeuner);<\/li>\n<li>10 Euros pour le lit de camping (lit avec protections lat\u00e9rales).<\/li>\n<\/ul>\n<p><\/p>","protected":false},"excerpt":{"rendered":"<p>Lors de longs sejours, les prix peuvent etre r\u00e9duits sous certaines conditions; Durant la p\u00e9riode du Festival hivernal de jazz de l&rsquo;Ombrie (Umbria Jazz Winter Festival) les prix de haute saison sont appliqu\u00e9s. Enfant: de 0 \u00e0 3 ans le sejour est gratuit s&rsquo;il dort dans le meme lit que ses parents. (5 Euros supplementaires [&hellip;]<\/p>\n","protected":false},"author":1,"featured_media":0,"parent":10,"menu_order":0,"comment_status":"closed","ping_status":"closed","template":"full-width-page.php","meta":{"footnotes":""},"class_list":["post-227","page","type-page","status-publish","hentry"],"yoast_head":"<!-- This site is optimized with the Yoast SEO plugin v19.7.1 - https:\/\/yoast.com\/wordpress\/plugins\/seo\/ -->\n<title>Renseignements suppl\u00e9mentaires - B&amp;B CasaSelita Orvieto (TR) Umbria<\/title>\n<meta name=\"robots\" content=\"index, follow, max-snippet:-1, max-image-preview:large, max-video-preview:-1\" \/>\n<link rel=\"canonical\" href=\"https:\/\/www.casaselita.com\/tariffe\/altre-offerte\/\" \/>\n<meta property=\"og:locale\" content=\"fr_FR\" \/>\n<meta property=\"og:type\" content=\"article\" \/>\n<meta property=\"og:title\" content=\"Renseignements suppl\u00e9mentaires - B&amp;B CasaSelita Orvieto (TR) Umbria\" \/>\n<meta property=\"og:description\" content=\"Lors de longs sejours, les prix peuvent etre r\u00e9duits sous certaines conditions; Durant la p\u00e9riode du Festival hivernal de jazz de l&rsquo;Ombrie (Umbria Jazz Winter Festival) les prix de haute saison sont appliqu\u00e9s. Enfant: de 0 \u00e0 3 ans le sejour est gratuit s&rsquo;il dort dans le meme lit que ses parents. (5 Euros supplementaires [&hellip;]\" \/>\n<meta property=\"og:url\" content=\"https:\/\/www.casaselita.com\/tariffe\/altre-offerte\/\" \/>\n<meta property=\"og:site_name\" content=\"B&amp;B CasaSelita Orvieto (TR) Umbria\" \/>\n<meta property=\"article:modified_time\" content=\"2017-02-19T18:02:07+00:00\" \/>\n<meta name=\"twitter:label1\" content=\"Dur\u00e9e de lecture estim\u00e9e\" \/>\n\t<meta name=\"twitter:data1\" content=\"1 minute\" \/>\n<script type=\"application\/ld+json\" class=\"yoast-schema-graph\">{\"@context\":\"https:\/\/schema.org\",\"@graph\":[{\"@type\":\"WebPage\",\"@id\":\"https:\/\/www.casaselita.com\/tariffe\/altre-offerte\/\",\"url\":\"https:\/\/www.casaselita.com\/tariffe\/altre-offerte\/\",\"name\":\"Renseignements suppl\u00e9mentaires - B&B CasaSelita Orvieto (TR) Umbria\",\"isPartOf\":{\"@id\":\"https:\/\/www.casaselita.com\/#website\"},\"datePublished\":\"2013-10-15T08:05:52+00:00\",\"dateModified\":\"2017-02-19T18:02:07+00:00\",\"breadcrumb\":{\"@id\":\"https:\/\/www.casaselita.com\/tariffe\/altre-offerte\/#breadcrumb\"},\"inLanguage\":\"fr-FR\",\"potentialAction\":[{\"@type\":\"ReadAction\",\"target\":[\"https:\/\/www.casaselita.com\/tariffe\/altre-offerte\/\"]}]},{\"@type\":\"BreadcrumbList\",\"@id\":\"https:\/\/www.casaselita.com\/tariffe\/altre-offerte\/#breadcrumb\",\"itemListElement\":[{\"@type\":\"ListItem\",\"position\":1,\"name\":\"Home\",\"item\":\"https:\/\/www.casaselita.com\/\"},{\"@type\":\"ListItem\",\"position\":2,\"name\":\"Tariffe\",\"item\":\"https:\/\/www.casaselita.com\/tariffe\/\"},{\"@type\":\"ListItem\",\"position\":3,\"name\":\"Besondere Anfragen\"}]},{\"@type\":\"WebSite\",\"@id\":\"https:\/\/www.casaselita.com\/#website\",\"url\":\"https:\/\/www.casaselita.com\/\",\"name\":\"B&amp;B CasaSelita Orvieto (TR) Umbria\",\"description\":\"Vacanze in campagna nel centro storico di Orvieto (TR)\",\"potentialAction\":[{\"@type\":\"SearchAction\",\"target\":{\"@type\":\"EntryPoint\",\"urlTemplate\":\"https:\/\/www.casaselita.com\/?s={search_term_string}\"},\"query-input\":\"required name=search_term_string\"}],\"inLanguage\":\"fr-FR\"}]}<\/script>\n<!-- \/ Yoast SEO plugin. -->","yoast_head_json":{"title":"Renseignements suppl\u00e9mentaires - B&B CasaSelita Orvieto (TR) Umbria","robots":{"index":"index","follow":"follow","max-snippet":"max-snippet:-1","max-image-preview":"max-image-preview:large","max-video-preview":"max-video-preview:-1"},"canonical":"https:\/\/www.casaselita.com\/tariffe\/altre-offerte\/","og_locale":"fr_FR","og_type":"article","og_title":"Renseignements suppl\u00e9mentaires - B&B CasaSelita Orvieto (TR) Umbria","og_description":"Lors de longs sejours, les prix peuvent etre r\u00e9duits sous certaines conditions; Durant la p\u00e9riode du Festival hivernal de jazz de l&rsquo;Ombrie (Umbria Jazz Winter Festival) les prix de haute saison sont appliqu\u00e9s. Enfant: de 0 \u00e0 3 ans le sejour est gratuit s&rsquo;il dort dans le meme lit que ses parents. (5 Euros supplementaires [&hellip;]","og_url":"https:\/\/www.casaselita.com\/tariffe\/altre-offerte\/","og_site_name":"B&amp;B CasaSelita Orvieto (TR) Umbria","article_modified_time":"2017-02-19T18:02:07+00:00","twitter_misc":{"Dur\u00e9e de lecture estim\u00e9e":"1 minute"},"schema":{"@context":"https:\/\/schema.org","@graph":[{"@type":"WebPage","@id":"https:\/\/www.casaselita.com\/tariffe\/altre-offerte\/","url":"https:\/\/www.casaselita.com\/tariffe\/altre-offerte\/","name":"Renseignements suppl\u00e9mentaires - B&B CasaSelita Orvieto (TR) Umbria","isPartOf":{"@id":"https:\/\/www.casaselita.com\/#website"},"datePublished":"2013-10-15T08:05:52+00:00","dateModified":"2017-02-19T18:02:07+00:00","breadcrumb":{"@id":"https:\/\/www.casaselita.com\/tariffe\/altre-offerte\/#breadcrumb"},"inLanguage":"fr-FR","potentialAction":[{"@type":"ReadAction","target":["https:\/\/www.casaselita.com\/tariffe\/altre-offerte\/"]}]},{"@type":"BreadcrumbList","@id":"https:\/\/www.casaselita.com\/tariffe\/altre-offerte\/#breadcrumb","itemListElement":[{"@type":"ListItem","position":1,"name":"Home","item":"https:\/\/www.casaselita.com\/"},{"@type":"ListItem","position":2,"name":"Tariffe","item":"https:\/\/www.casaselita.com\/tariffe\/"},{"@type":"ListItem","position":3,"name":"Besondere Anfragen"}]},{"@type":"WebSite","@id":"https:\/\/www.casaselita.com\/#website","url":"https:\/\/www.casaselita.com\/","name":"B&amp;B CasaSelita Orvieto (TR) Umbria","description":"Vacanze in campagna nel centro storico di Orvieto (TR)","potentialAction":[{"@type":"SearchAction","target":{"@type":"EntryPoint","urlTemplate":"https:\/\/www.casaselita.com\/?s={search_term_string}"},"query-input":"required name=search_term_string"}],"inLanguage":"fr-FR"}]}},"_links":{"self":[{"href":"https:\/\/www.casaselita.com\/fr\/wp-json\/wp\/v2\/pages\/227","targetHints":{"allow":["GET"]}}],"collection":[{"href":"https:\/\/www.casaselita.com\/fr\/wp-json\/wp\/v2\/pages"}],"about":[{"href":"https:\/\/www.casaselita.com\/fr\/wp-json\/wp\/v2\/types\/page"}],"author":[{"embeddable":true,"href":"https:\/\/www.casaselita.com\/fr\/wp-json\/wp\/v2\/users\/1"}],"replies":[{"embeddable":true,"href":"https:\/\/www.casaselita.com\/fr\/wp-json\/wp\/v2\/comments?post=227"}],"version-history":[{"count":12,"href":"https:\/\/www.casaselita.com\/fr\/wp-json\/wp\/v2\/pages\/227\/revisions"}],"predecessor-version":[{"id":926,"href":"https:\/\/www.casaselita.com\/fr\/wp-json\/wp\/v2\/pages\/227\/revisions\/926"}],"up":[{"embeddable":true,"href":"https:\/\/www.casaselita.com\/fr\/wp-json\/wp\/v2\/pages\/10"}],"wp:attachment":[{"href":"https:\/\/www.casaselita.com\/fr\/wp-json\/wp\/v2\/media?parent=227"}],"curies":[{"name":"wp","href":"https:\/\/api.w.org\/{rel}","templated":true}]}}