{"id":238,"date":"2013-10-15T10:22:47","date_gmt":"2013-10-15T08:22:47","guid":{"rendered":"http:\/\/www.casaselita.com\/?page_id=238"},"modified":"2020-02-25T18:57:31","modified_gmt":"2020-02-25T17:57:31","slug":"termini-di-cancellazione","status":"publish","type":"page","link":"https:\/\/www.casaselita.com\/fr\/tariffe\/termini-di-cancellazione\/","title":{"rendered":"Termes d&rsquo;annulation"},"content":{"rendered":"<p><\/p>\n<ul>\n<li>Pour une r\u00e9servation annul\u00e9e 15 jours avant la date d&rsquo;arriv\u00e9e: aucune p\u00e9nalit\u00e9;<\/li>\n<li>Pour une r\u00e9servation annul\u00e9e entre 14 et 7 jours avant la date d&rsquo;arriv\u00e9e: une p\u00e9nalit\u00e9 de 30% du montant pr\u00e9vu pour le s\u00e9jour sera appliqu\u00e9e;<\/li>\n<li>Pour une r\u00e9servation annul\u00e9e entre 6 et 3 jours avant la date d&rsquo;arriv\u00e9e: une p\u00e9nalit\u00e9 de 70% du montant pr\u00e9vu pour le s\u00e9jour sera appliqu\u00e9e;<\/li>\n<li>Pour une r\u00e9servation annul\u00e9e 2 jours ou 1 jour avant l&rsquo;arriv\u00e9e, ou dans le cas d&rsquo;un d\u00e9sistement, ou dans le cas d&rsquo;un d\u00e9part pr\u00e9matur\u00e9, le montant total sera exig\u00e9.<\/li>\n<\/ul>\n<p>Il est pr\u00e9f\u00e9rable que toute annulation soit communiqu\u00e9e par t\u00e9l\u00e9phone:<br \/>\n+39 339 2254000.<\/p>","protected":false},"excerpt":{"rendered":"<p>Pour une r\u00e9servation annul\u00e9e 15 jours avant la date d&rsquo;arriv\u00e9e: aucune p\u00e9nalit\u00e9; Pour une r\u00e9servation annul\u00e9e entre 14 et 7 jours avant la date d&rsquo;arriv\u00e9e: une p\u00e9nalit\u00e9 de 30% du montant pr\u00e9vu pour le s\u00e9jour sera appliqu\u00e9e; Pour une r\u00e9servation annul\u00e9e entre 6 et 3 jours avant la date d&rsquo;arriv\u00e9e: une p\u00e9nalit\u00e9 de 70% du [&hellip;]<\/p>\n","protected":false},"author":1,"featured_media":0,"parent":10,"menu_order":0,"comment_status":"closed","ping_status":"closed","template":"full-width-page.php","meta":{"footnotes":""},"class_list":["post-238","page","type-page","status-publish","hentry"],"yoast_head":"<!-- This site is optimized with the Yoast SEO plugin v19.7.1 - https:\/\/yoast.com\/wordpress\/plugins\/seo\/ -->\n<title>Termes d&#039;annulation - B&amp;B CasaSelita Orvieto (TR) Umbria<\/title>\n<meta name=\"robots\" content=\"index, follow, max-snippet:-1, max-image-preview:large, max-video-preview:-1\" \/>\n<link rel=\"canonical\" href=\"https:\/\/www.casaselita.com\/tariffe\/termini-di-cancellazione\/\" \/>\n<meta property=\"og:locale\" content=\"fr_FR\" \/>\n<meta property=\"og:type\" content=\"article\" \/>\n<meta property=\"og:title\" content=\"Termes d&#039;annulation - B&amp;B CasaSelita Orvieto (TR) Umbria\" \/>\n<meta property=\"og:description\" content=\"Pour une r\u00e9servation annul\u00e9e 15 jours avant la date d&rsquo;arriv\u00e9e: aucune p\u00e9nalit\u00e9; Pour une r\u00e9servation annul\u00e9e entre 14 et 7 jours avant la date d&rsquo;arriv\u00e9e: une p\u00e9nalit\u00e9 de 30% du montant pr\u00e9vu pour le s\u00e9jour sera appliqu\u00e9e; Pour une r\u00e9servation annul\u00e9e entre 6 et 3 jours avant la date d&rsquo;arriv\u00e9e: une p\u00e9nalit\u00e9 de 70% du [&hellip;]\" \/>\n<meta property=\"og:url\" content=\"https:\/\/www.casaselita.com\/tariffe\/termini-di-cancellazione\/\" \/>\n<meta property=\"og:site_name\" content=\"B&amp;B CasaSelita Orvieto (TR) Umbria\" \/>\n<meta property=\"article:modified_time\" content=\"2020-02-25T17:57:31+00:00\" \/>\n<meta name=\"twitter:label1\" content=\"Dur\u00e9e de lecture estim\u00e9e\" \/>\n\t<meta name=\"twitter:data1\" content=\"2 minutes\" \/>\n<script type=\"application\/ld+json\" class=\"yoast-schema-graph\">{\"@context\":\"https:\/\/schema.org\",\"@graph\":[{\"@type\":\"WebPage\",\"@id\":\"https:\/\/www.casaselita.com\/tariffe\/termini-di-cancellazione\/\",\"url\":\"https:\/\/www.casaselita.com\/tariffe\/termini-di-cancellazione\/\",\"name\":\"Termes d'annulation - B&B CasaSelita Orvieto (TR) Umbria\",\"isPartOf\":{\"@id\":\"https:\/\/www.casaselita.com\/#website\"},\"datePublished\":\"2013-10-15T08:22:47+00:00\",\"dateModified\":\"2020-02-25T17:57:31+00:00\",\"breadcrumb\":{\"@id\":\"https:\/\/www.casaselita.com\/tariffe\/termini-di-cancellazione\/#breadcrumb\"},\"inLanguage\":\"fr-FR\",\"potentialAction\":[{\"@type\":\"ReadAction\",\"target\":[\"https:\/\/www.casaselita.com\/tariffe\/termini-di-cancellazione\/\"]}]},{\"@type\":\"BreadcrumbList\",\"@id\":\"https:\/\/www.casaselita.com\/tariffe\/termini-di-cancellazione\/#breadcrumb\",\"itemListElement\":[{\"@type\":\"ListItem\",\"position\":1,\"name\":\"Home\",\"item\":\"https:\/\/www.casaselita.com\/\"},{\"@type\":\"ListItem\",\"position\":2,\"name\":\"Tariffe\",\"item\":\"https:\/\/www.casaselita.com\/tariffe\/\"},{\"@type\":\"ListItem\",\"position\":3,\"name\":\"Stornierung\"}]},{\"@type\":\"WebSite\",\"@id\":\"https:\/\/www.casaselita.com\/#website\",\"url\":\"https:\/\/www.casaselita.com\/\",\"name\":\"B&amp;B CasaSelita Orvieto (TR) Umbria\",\"description\":\"Vacanze in campagna nel centro storico di Orvieto (TR)\",\"potentialAction\":[{\"@type\":\"SearchAction\",\"target\":{\"@type\":\"EntryPoint\",\"urlTemplate\":\"https:\/\/www.casaselita.com\/?s={search_term_string}\"},\"query-input\":\"required name=search_term_string\"}],\"inLanguage\":\"fr-FR\"}]}<\/script>\n<!-- \/ Yoast SEO plugin. -->","yoast_head_json":{"title":"Termes d'annulation - B&B CasaSelita Orvieto (TR) Umbria","robots":{"index":"index","follow":"follow","max-snippet":"max-snippet:-1","max-image-preview":"max-image-preview:large","max-video-preview":"max-video-preview:-1"},"canonical":"https:\/\/www.casaselita.com\/tariffe\/termini-di-cancellazione\/","og_locale":"fr_FR","og_type":"article","og_title":"Termes d'annulation - B&B CasaSelita Orvieto (TR) Umbria","og_description":"Pour une r\u00e9servation annul\u00e9e 15 jours avant la date d&rsquo;arriv\u00e9e: aucune p\u00e9nalit\u00e9; Pour une r\u00e9servation annul\u00e9e entre 14 et 7 jours avant la date d&rsquo;arriv\u00e9e: une p\u00e9nalit\u00e9 de 30% du montant pr\u00e9vu pour le s\u00e9jour sera appliqu\u00e9e; Pour une r\u00e9servation annul\u00e9e entre 6 et 3 jours avant la date d&rsquo;arriv\u00e9e: une p\u00e9nalit\u00e9 de 70% du [&hellip;]","og_url":"https:\/\/www.casaselita.com\/tariffe\/termini-di-cancellazione\/","og_site_name":"B&amp;B CasaSelita Orvieto (TR) Umbria","article_modified_time":"2020-02-25T17:57:31+00:00","twitter_misc":{"Dur\u00e9e de lecture estim\u00e9e":"2 minutes"},"schema":{"@context":"https:\/\/schema.org","@graph":[{"@type":"WebPage","@id":"https:\/\/www.casaselita.com\/tariffe\/termini-di-cancellazione\/","url":"https:\/\/www.casaselita.com\/tariffe\/termini-di-cancellazione\/","name":"Termes d'annulation - B&B CasaSelita Orvieto (TR) Umbria","isPartOf":{"@id":"https:\/\/www.casaselita.com\/#website"},"datePublished":"2013-10-15T08:22:47+00:00","dateModified":"2020-02-25T17:57:31+00:00","breadcrumb":{"@id":"https:\/\/www.casaselita.com\/tariffe\/termini-di-cancellazione\/#breadcrumb"},"inLanguage":"fr-FR","potentialAction":[{"@type":"ReadAction","target":["https:\/\/www.casaselita.com\/tariffe\/termini-di-cancellazione\/"]}]},{"@type":"BreadcrumbList","@id":"https:\/\/www.casaselita.com\/tariffe\/termini-di-cancellazione\/#breadcrumb","itemListElement":[{"@type":"ListItem","position":1,"name":"Home","item":"https:\/\/www.casaselita.com\/"},{"@type":"ListItem","position":2,"name":"Tariffe","item":"https:\/\/www.casaselita.com\/tariffe\/"},{"@type":"ListItem","position":3,"name":"Stornierung"}]},{"@type":"WebSite","@id":"https:\/\/www.casaselita.com\/#website","url":"https:\/\/www.casaselita.com\/","name":"B&amp;B CasaSelita Orvieto (TR) Umbria","description":"Vacanze in campagna nel centro storico di Orvieto (TR)","potentialAction":[{"@type":"SearchAction","target":{"@type":"EntryPoint","urlTemplate":"https:\/\/www.casaselita.com\/?s={search_term_string}"},"query-input":"required name=search_term_string"}],"inLanguage":"fr-FR"}]}},"_links":{"self":[{"href":"https:\/\/www.casaselita.com\/fr\/wp-json\/wp\/v2\/pages\/238","targetHints":{"allow":["GET"]}}],"collection":[{"href":"https:\/\/www.casaselita.com\/fr\/wp-json\/wp\/v2\/pages"}],"about":[{"href":"https:\/\/www.casaselita.com\/fr\/wp-json\/wp\/v2\/types\/page"}],"author":[{"embeddable":true,"href":"https:\/\/www.casaselita.com\/fr\/wp-json\/wp\/v2\/users\/1"}],"replies":[{"embeddable":true,"href":"https:\/\/www.casaselita.com\/fr\/wp-json\/wp\/v2\/comments?post=238"}],"version-history":[{"count":9,"href":"https:\/\/www.casaselita.com\/fr\/wp-json\/wp\/v2\/pages\/238\/revisions"}],"predecessor-version":[{"id":990,"href":"https:\/\/www.casaselita.com\/fr\/wp-json\/wp\/v2\/pages\/238\/revisions\/990"}],"up":[{"embeddable":true,"href":"https:\/\/www.casaselita.com\/fr\/wp-json\/wp\/v2\/pages\/10"}],"wp:attachment":[{"href":"https:\/\/www.casaselita.com\/fr\/wp-json\/wp\/v2\/media?parent=238"}],"curies":[{"name":"wp","href":"https:\/\/api.w.org\/{rel}","templated":true}]}}