{"id":8,"date":"2013-08-26T10:09:47","date_gmt":"2013-08-26T08:09:47","guid":{"rendered":"http:\/\/localhost\/casaselita\/?page_id=8"},"modified":"2015-06-17T09:00:20","modified_gmt":"2015-06-17T07:00:20","slug":"accoglienza","status":"publish","type":"page","link":"https:\/\/www.casaselita.com\/fr\/servizi\/accoglienza\/","title":{"rendered":"Accueil"},"content":{"rendered":"<p><strong><a href=\"http:\/\/www.casaselita.com\/wp-content\/uploads\/2013\/08\/Statue.jpg\"><img loading=\"lazy\" decoding=\"async\" class=\" wp-image-329 alignleft\" alt=\"Statue\" src=\"http:\/\/www.casaselita.com\/wp-content\/uploads\/2013\/08\/Statue.jpg\" width=\"150\" height=\"236\" \/><\/a>Pour faciliter votre s\u00e9jour nous mettons \u00e0 votre disposition:<\/strong><\/p>\n<ul>\n<li>une petite biblioth\u00e8que de guides de tourisme en italien et en anglais;<\/li>\n<li>une carte de la ville;<\/li>\n<li>un atlas g\u00e9ographique du Centre-Italie;<\/li>\n<li>les adresses de restaurants o\u00f9 vous retrouverez une cuisine typiquement ombrienne;<\/li>\n<li>des itin\u00e9raires d&rsquo;un int\u00e9ret arch\u00e9ologique ou \u00e9cologique.<\/li>\n<\/ul>\n<p><strong>Langues parl\u00e9es: italien, anglais, fran\u00e7ais, allemand et espagnol.<\/strong><\/p>","protected":false},"excerpt":{"rendered":"<p>Pour faciliter votre s\u00e9jour nous mettons \u00e0 votre disposition: une petite biblioth\u00e8que de guides de tourisme en italien et en anglais; une carte de la ville; un atlas g\u00e9ographique du Centre-Italie; les adresses de restaurants o\u00f9 vous retrouverez une cuisine typiquement ombrienne; des itin\u00e9raires d&rsquo;un int\u00e9ret arch\u00e9ologique ou \u00e9cologique. Langues parl\u00e9es: italien, anglais, fran\u00e7ais, allemand [&hellip;]<\/p>\n","protected":false},"author":1,"featured_media":0,"parent":448,"menu_order":0,"comment_status":"closed","ping_status":"closed","template":"full-width-page.php","meta":{"footnotes":""},"class_list":["post-8","page","type-page","status-publish","hentry"],"yoast_head":"<!-- This site is optimized with the Yoast SEO plugin v19.7.1 - https:\/\/yoast.com\/wordpress\/plugins\/seo\/ -->\n<title>Accueil - B&amp;B CasaSelita Orvieto (TR) Umbria<\/title>\n<meta name=\"robots\" content=\"index, follow, max-snippet:-1, max-image-preview:large, max-video-preview:-1\" \/>\n<link rel=\"canonical\" href=\"https:\/\/www.casaselita.com\/en\/servizi\/accoglienza\/\" \/>\n<meta property=\"og:locale\" content=\"fr_FR\" \/>\n<meta property=\"og:type\" content=\"article\" \/>\n<meta property=\"og:title\" content=\"Accueil - B&amp;B CasaSelita Orvieto (TR) Umbria\" \/>\n<meta property=\"og:description\" content=\"Pour faciliter votre s\u00e9jour nous mettons \u00e0 votre disposition: une petite biblioth\u00e8que de guides de tourisme en italien et en anglais; une carte de la ville; un atlas g\u00e9ographique du Centre-Italie; les adresses de restaurants o\u00f9 vous retrouverez une cuisine typiquement ombrienne; des itin\u00e9raires d&rsquo;un int\u00e9ret arch\u00e9ologique ou \u00e9cologique. Langues parl\u00e9es: italien, anglais, fran\u00e7ais, allemand [&hellip;]\" \/>\n<meta property=\"og:url\" content=\"https:\/\/www.casaselita.com\/en\/servizi\/accoglienza\/\" \/>\n<meta property=\"og:site_name\" content=\"B&amp;B CasaSelita Orvieto (TR) Umbria\" \/>\n<meta property=\"article:modified_time\" content=\"2015-06-17T07:00:20+00:00\" \/>\n<meta property=\"og:image\" content=\"http:\/\/www.casaselita.com\/wp-content\/uploads\/2013\/08\/Statue.jpg\" \/>\n<meta name=\"twitter:label1\" content=\"Dur\u00e9e de lecture estim\u00e9e\" \/>\n\t<meta name=\"twitter:data1\" content=\"1 minute\" \/>\n<script type=\"application\/ld+json\" class=\"yoast-schema-graph\">{\"@context\":\"https:\/\/schema.org\",\"@graph\":[{\"@type\":\"WebPage\",\"@id\":\"https:\/\/www.casaselita.com\/en\/servizi\/accoglienza\/\",\"url\":\"https:\/\/www.casaselita.com\/en\/servizi\/accoglienza\/\",\"name\":\"Accueil - B&B CasaSelita Orvieto (TR) Umbria\",\"isPartOf\":{\"@id\":\"https:\/\/www.casaselita.com\/#website\"},\"datePublished\":\"2013-08-26T08:09:47+00:00\",\"dateModified\":\"2015-06-17T07:00:20+00:00\",\"breadcrumb\":{\"@id\":\"https:\/\/www.casaselita.com\/en\/servizi\/accoglienza\/#breadcrumb\"},\"inLanguage\":\"fr-FR\",\"potentialAction\":[{\"@type\":\"ReadAction\",\"target\":[\"https:\/\/www.casaselita.com\/en\/servizi\/accoglienza\/\"]}]},{\"@type\":\"BreadcrumbList\",\"@id\":\"https:\/\/www.casaselita.com\/en\/servizi\/accoglienza\/#breadcrumb\",\"itemListElement\":[{\"@type\":\"ListItem\",\"position\":1,\"name\":\"Home\",\"item\":\"https:\/\/www.casaselita.com\/\"},{\"@type\":\"ListItem\",\"position\":2,\"name\":\"Services\",\"item\":\"https:\/\/www.casaselita.com\/en\/servizi\/\"},{\"@type\":\"ListItem\",\"position\":3,\"name\":\"Welcome\"}]},{\"@type\":\"WebSite\",\"@id\":\"https:\/\/www.casaselita.com\/#website\",\"url\":\"https:\/\/www.casaselita.com\/\",\"name\":\"B&amp;B CasaSelita Orvieto (TR) Umbria\",\"description\":\"Vacanze in campagna nel centro storico di Orvieto (TR)\",\"potentialAction\":[{\"@type\":\"SearchAction\",\"target\":{\"@type\":\"EntryPoint\",\"urlTemplate\":\"https:\/\/www.casaselita.com\/?s={search_term_string}\"},\"query-input\":\"required name=search_term_string\"}],\"inLanguage\":\"fr-FR\"}]}<\/script>\n<!-- \/ Yoast SEO plugin. -->","yoast_head_json":{"title":"Accueil - B&B CasaSelita Orvieto (TR) Umbria","robots":{"index":"index","follow":"follow","max-snippet":"max-snippet:-1","max-image-preview":"max-image-preview:large","max-video-preview":"max-video-preview:-1"},"canonical":"https:\/\/www.casaselita.com\/en\/servizi\/accoglienza\/","og_locale":"fr_FR","og_type":"article","og_title":"Accueil - B&B CasaSelita Orvieto (TR) Umbria","og_description":"Pour faciliter votre s\u00e9jour nous mettons \u00e0 votre disposition: une petite biblioth\u00e8que de guides de tourisme en italien et en anglais; une carte de la ville; un atlas g\u00e9ographique du Centre-Italie; les adresses de restaurants o\u00f9 vous retrouverez une cuisine typiquement ombrienne; des itin\u00e9raires d&rsquo;un int\u00e9ret arch\u00e9ologique ou \u00e9cologique. Langues parl\u00e9es: italien, anglais, fran\u00e7ais, allemand [&hellip;]","og_url":"https:\/\/www.casaselita.com\/en\/servizi\/accoglienza\/","og_site_name":"B&amp;B CasaSelita Orvieto (TR) Umbria","article_modified_time":"2015-06-17T07:00:20+00:00","og_image":[{"url":"http:\/\/www.casaselita.com\/wp-content\/uploads\/2013\/08\/Statue.jpg"}],"twitter_misc":{"Dur\u00e9e de lecture estim\u00e9e":"1 minute"},"schema":{"@context":"https:\/\/schema.org","@graph":[{"@type":"WebPage","@id":"https:\/\/www.casaselita.com\/en\/servizi\/accoglienza\/","url":"https:\/\/www.casaselita.com\/en\/servizi\/accoglienza\/","name":"Accueil - B&B CasaSelita Orvieto (TR) Umbria","isPartOf":{"@id":"https:\/\/www.casaselita.com\/#website"},"datePublished":"2013-08-26T08:09:47+00:00","dateModified":"2015-06-17T07:00:20+00:00","breadcrumb":{"@id":"https:\/\/www.casaselita.com\/en\/servizi\/accoglienza\/#breadcrumb"},"inLanguage":"fr-FR","potentialAction":[{"@type":"ReadAction","target":["https:\/\/www.casaselita.com\/en\/servizi\/accoglienza\/"]}]},{"@type":"BreadcrumbList","@id":"https:\/\/www.casaselita.com\/en\/servizi\/accoglienza\/#breadcrumb","itemListElement":[{"@type":"ListItem","position":1,"name":"Home","item":"https:\/\/www.casaselita.com\/"},{"@type":"ListItem","position":2,"name":"Services","item":"https:\/\/www.casaselita.com\/en\/servizi\/"},{"@type":"ListItem","position":3,"name":"Welcome"}]},{"@type":"WebSite","@id":"https:\/\/www.casaselita.com\/#website","url":"https:\/\/www.casaselita.com\/","name":"B&amp;B CasaSelita Orvieto (TR) Umbria","description":"Vacanze in campagna nel centro storico di Orvieto (TR)","potentialAction":[{"@type":"SearchAction","target":{"@type":"EntryPoint","urlTemplate":"https:\/\/www.casaselita.com\/?s={search_term_string}"},"query-input":"required name=search_term_string"}],"inLanguage":"fr-FR"}]}},"_links":{"self":[{"href":"https:\/\/www.casaselita.com\/fr\/wp-json\/wp\/v2\/pages\/8","targetHints":{"allow":["GET"]}}],"collection":[{"href":"https:\/\/www.casaselita.com\/fr\/wp-json\/wp\/v2\/pages"}],"about":[{"href":"https:\/\/www.casaselita.com\/fr\/wp-json\/wp\/v2\/types\/page"}],"author":[{"embeddable":true,"href":"https:\/\/www.casaselita.com\/fr\/wp-json\/wp\/v2\/users\/1"}],"replies":[{"embeddable":true,"href":"https:\/\/www.casaselita.com\/fr\/wp-json\/wp\/v2\/comments?post=8"}],"version-history":[{"count":17,"href":"https:\/\/www.casaselita.com\/fr\/wp-json\/wp\/v2\/pages\/8\/revisions"}],"predecessor-version":[{"id":892,"href":"https:\/\/www.casaselita.com\/fr\/wp-json\/wp\/v2\/pages\/8\/revisions\/892"}],"up":[{"embeddable":true,"href":"https:\/\/www.casaselita.com\/fr\/wp-json\/wp\/v2\/pages\/448"}],"wp:attachment":[{"href":"https:\/\/www.casaselita.com\/fr\/wp-json\/wp\/v2\/media?parent=8"}],"curies":[{"name":"wp","href":"https:\/\/api.w.org\/{rel}","templated":true}]}}